{"id":99,"date":"2021-03-02T19:57:02","date_gmt":"2021-03-02T17:57:02","guid":{"rendered":"https:\/\/satchel.eu\/?page_id=99"},"modified":"2025-12-29T15:35:44","modified_gmt":"2025-12-29T13:35:44","slug":"faq","status":"publish","type":"page","link":"https:\/\/satchel.eu\/pl\/faq\/","title":{"rendered":"FAQ"},"content":{"rendered":"<section class=\"section pt-45 pt-md-70\">\r\n  <div class=\"container\">\r\n    <div class=\"row\">\r\n      <div class=\"col-lg-12 mx-auto\">\r\n        <h1 class=\"mb-20\">How can we help?<\/h1>\r\n        <p class=\"p-md\">We have segmented the questions that our customer support team receives most frequently into six main blocks. In each one of them you will find information regarding the use of our services and instructions for when you are experiencing problems, such a lost card or forgotten password.<\/p>\r\n        <div class=\"faq-topics mb-15\">\r\n\r\n          <a class=\"faq-topic\" href=\"https:\/\/satchel.eu\/pl\/faq\/general-information\/\">\r\n            <img decoding=\"async\" class=\"lazyload faq-topic__icon\" data-src=\"https:\/\/satchel.eu\/pl\/wp-content\/themes\/satchel\/public\/img\/sleu-kit-icons-y-info.svg?v=2.5\" src=\"data:image\/gif;base64,R0lGODlhAQABAAAAACH5BAEKAAEALAAAAAABAAEAAAICTAEAOw==\" alt>\r\n            <div class=\"faq-topic__text\">General Information<\/div>\r\n          <\/a>\r\n\r\n          <a class=\"faq-topic\" href=\"https:\/\/satchel.eu\/pl\/faq\/satchel-current-account\/\">\r\n            <img decoding=\"async\" class=\"lazyload faq-topic__icon\" data-src=\"https:\/\/satchel.eu\/pl\/wp-content\/themes\/satchel\/public\/img\/sleu-kit-icons-y-personal-account.svg?v=2.5\" src=\"data:image\/gif;base64,R0lGODlhAQABAAAAACH5BAEKAAEALAAAAAABAAEAAAICTAEAOw==\" alt>\r\n            <div class=\"faq-topic__text\">Satchel Current Account<\/div>\r\n          <\/a>\r\n\r\n          <a class=\"faq-topic\" href=\"https:\/\/satchel.eu\/pl\/faq\/login-and-password\/\">\r\n            <img decoding=\"async\" class=\"lazyload faq-topic__icon\" data-src=\"https:\/\/satchel.eu\/pl\/wp-content\/themes\/satchel\/public\/img\/sleu-kit-icons-y-password.svg?v=2.5\" src=\"data:image\/gif;base64,R0lGODlhAQABAAAAACH5BAEKAAEALAAAAAABAAEAAAICTAEAOw==\" alt>\r\n            <div class=\"faq-topic__text\">Login and Password<\/div>\r\n          <\/a>\r\n\r\n          <a class=\"faq-topic\" href=\"https:\/\/satchel.eu\/pl\/faq\/account-statement-transaction-receipt\/\">\r\n            <img decoding=\"async\" class=\"lazyload faq-topic__icon\" data-src=\"https:\/\/satchel.eu\/pl\/wp-content\/themes\/satchel\/public\/img\/faq\/faq-topic-account-statement-transaction-receipt-icon.svg?v=2.5\" src=\"data:image\/gif;base64,R0lGODlhAQABAAAAACH5BAEKAAEALAAAAAABAAEAAAICTAEAOw==\" alt>\r\n            <div class=\"faq-topic__text\">Account Statement &#038; Transaction Receipt<\/div>\r\n          <\/a>\r\n\r\n          <a class=\"faq-topic\" href=\"https:\/\/satchel.eu\/pl\/faq\/sepa-the-ultimate-guide\/\">\r\n            <img decoding=\"async\" class=\"lazyload faq-topic__icon\" data-src=\"https:\/\/satchel.eu\/pl\/wp-content\/themes\/satchel\/public\/img\/sleu-kit-icons-y-sepa.svg?v=2.5\" src=\"data:image\/gif;base64,R0lGODlhAQABAAAAACH5BAEKAAEALAAAAAABAAEAAAICTAEAOw==\" alt>\r\n            <div class=\"faq-topic__text\">SEPA: The Ultimate Guide<\/div>\r\n          <\/a>\r\n\r\n          <a class=\"faq-topic\" href=\"https:\/\/satchel.eu\/pl\/faq\/payments-and-transactions\/\">\r\n            <img decoding=\"async\" class=\"lazyload faq-topic__icon\" data-src=\"https:\/\/satchel.eu\/pl\/wp-content\/themes\/satchel\/public\/img\/sleu-kit-icons-y-pay.svg?v=2.5\" src=\"data:image\/gif;base64,R0lGODlhAQABAAAAACH5BAEKAAEALAAAAAABAAEAAAICTAEAOw==\" alt>\r\n            <div class=\"faq-topic__text\">Payments &#038; Transactions<\/div>\r\n          <\/a>\r\n\r\n          <a class=\"faq-topic\" href=\"https:\/\/satchel.eu\/pl\/faq\/satchel-cards\/\">\r\n            <img decoding=\"async\" class=\"lazyload faq-topic__icon\" data-src=\"https:\/\/satchel.eu\/pl\/wp-content\/themes\/satchel\/public\/img\/sleu-kit-icons-y-credit-cards.svg?v=2.5\" src=\"data:image\/gif;base64,R0lGODlhAQABAAAAACH5BAEKAAEALAAAAAABAAEAAAICTAEAOw==\" alt>\r\n            <div class=\"faq-topic__text\">Satchel Cards<\/div>\r\n          <\/a>\r\n\r\n        <\/div>\r\n        <div class=\"border-bottom mb-40\"><\/div>\r\n        <div class=\"d-block d-md-flex align-items-md-center justify-content-md-between\">\r\n          <div class=\"mb-20 mb-md-0\">\r\n            <p class=\"h4 mb-10\">Didn\u2019t find your question?<\/p>\r\n            <p class=\"h6 mb-0\">Contact our support team via phone or email.<\/p>\r\n          <\/div>\r\n          <div class=\"d-flex flex-sm-row flex-column align-items-start\">\r\n            <a class=\"btn btn-primary mr-sm-15 mb-sm-0 mb-20 js-customer-support-phone-faq\" href=\"tel:+37052141818\">+370 5214 1818<\/a>\r\n            <a class=\"btn btn-primary  js-customer-support-email-faq\" href=\"mailto:support@satchel.eu\">support@satchel.eu<\/a>\r\n          <\/div>\r\n        <\/div>\r\n      <\/div>\r\n    <\/div>\r\n  <\/div>\r\n<\/section>","protected":false},"excerpt":{"rendered":"How can we help? We have segmented the questions that our customer support team receives most frequently into six main blocks. In each one of them you will find information regarding the use of our services and instructions for when you are experiencing problems, such a lost card or forgotten password. General Information Satchel Current&#8230;","protected":false},"author":5,"featured_media":0,"parent":0,"menu_order":0,"comment_status":"closed","ping_status":"closed","template":"faq-templates\/faq.php","meta":{"_acf_changed":false,"footnotes":""},"class_list":["post-99","page","type-page","status-publish","hentry"],"acf":[],"yoast_head":"<!-- This site is optimized with the Yoast SEO plugin v22.0 - https:\/\/yoast.com\/wordpress\/plugins\/seo\/ -->\n<title>FAQ - Satchel: rozwi\u0105zanie do zarz\u0105dzania pieni\u0119dzmi<\/title>\n<meta name=\"description\" content=\"Nasza strona FAQ b\u0119dzie przydatna dla ka\u017cdego, kto szuka wi\u0119cej informacji lub potrzebuje wsparcia technicznego zwi\u0105zanego z us\u0142ugami Satchel.\" \/>\n<meta name=\"robots\" content=\"index, follow, max-snippet:-1, max-image-preview:large, max-video-preview:-1\" \/>\n<link rel=\"canonical\" href=\"https:\/\/satchel.eu\/pl\/faq\/\" \/>\n<meta property=\"og:locale\" content=\"pl_PL\" \/>\n<meta property=\"og:type\" content=\"article\" \/>\n<meta property=\"og:title\" content=\"FAQ - Satchel: rozwi\u0105zanie do zarz\u0105dzania pieni\u0119dzmi\" \/>\n<meta property=\"og:description\" content=\"Nasza strona FAQ b\u0119dzie przydatna dla ka\u017cdego, kto szuka wi\u0119cej informacji lub potrzebuje wsparcia technicznego zwi\u0105zanego z us\u0142ugami Satchel.\" \/>\n<meta property=\"og:url\" content=\"https:\/\/satchel.eu\/pl\/faq\/\" \/>\n<meta property=\"og:site_name\" content=\"Satchel\" \/>\n<meta property=\"article:modified_time\" content=\"2025-12-29T13:35:44+00:00\" \/>\n<meta name=\"twitter:card\" content=\"summary_large_image\" \/>\n<meta name=\"twitter:label1\" content=\"Szacowany czas czytania\" \/>\n\t<meta name=\"twitter:data1\" content=\"3 minuty\" \/>\n<script type=\"application\/ld+json\" class=\"yoast-schema-graph\">{\"@context\":\"https:\/\/schema.org\",\"@graph\":[{\"@type\":\"WebPage\",\"@id\":\"https:\/\/satchel.eu\/pl\/faq\/\",\"url\":\"https:\/\/satchel.eu\/pl\/faq\/\",\"name\":\"FAQ - Satchel: rozwi\u0105zanie do zarz\u0105dzania pieni\u0119dzmi\",\"isPartOf\":{\"@id\":\"https:\/\/satchel.eu\/pl\/#website\"},\"datePublished\":\"2021-03-02T17:57:02+00:00\",\"dateModified\":\"2025-12-29T13:35:44+00:00\",\"description\":\"Nasza strona FAQ b\u0119dzie przydatna dla ka\u017cdego, kto szuka wi\u0119cej informacji lub potrzebuje wsparcia technicznego zwi\u0105zanego z us\u0142ugami Satchel.\",\"breadcrumb\":{\"@id\":\"https:\/\/satchel.eu\/pl\/faq\/#breadcrumb\"},\"inLanguage\":\"pl-PL\",\"potentialAction\":[{\"@type\":\"ReadAction\",\"target\":[\"https:\/\/satchel.eu\/pl\/faq\/\"]}]},{\"@type\":\"BreadcrumbList\",\"@id\":\"https:\/\/satchel.eu\/pl\/faq\/#breadcrumb\",\"itemListElement\":[{\"@type\":\"ListItem\",\"position\":1,\"name\":\"Satchel\",\"item\":\"https:\/\/satchel.eu\/pl\/\"},{\"@type\":\"ListItem\",\"position\":2,\"name\":\"FAQ\"}]},{\"@type\":\"WebSite\",\"@id\":\"https:\/\/satchel.eu\/pl\/#website\",\"url\":\"https:\/\/satchel.eu\/pl\/\",\"name\":\"Satchel\",\"description\":\"Your money management solution\",\"publisher\":{\"@id\":\"https:\/\/satchel.eu\/pl\/#organization\"},\"potentialAction\":[{\"@type\":\"SearchAction\",\"target\":{\"@type\":\"EntryPoint\",\"urlTemplate\":\"https:\/\/satchel.eu\/pl\/?s={search_term_string}\"},\"query-input\":\"required name=search_term_string\"}],\"inLanguage\":\"pl-PL\"},{\"@type\":\"Organization\",\"@id\":\"https:\/\/satchel.eu\/pl\/#organization\",\"name\":\"Satchel\",\"url\":\"https:\/\/satchel.eu\/pl\/\",\"logo\":{\"@type\":\"ImageObject\",\"inLanguage\":\"pl-PL\",\"@id\":\"https:\/\/satchel.eu\/pl\/#\/schema\/logo\/image\/\",\"url\":\"https:\/\/satchel.eu\/pl\/wp-content\/uploads\/sites\/6\/2021\/05\/logo-black.jpg\",\"contentUrl\":\"https:\/\/satchel.eu\/pl\/wp-content\/uploads\/sites\/6\/2021\/05\/logo-black.jpg\",\"width\":135,\"height\":32,\"caption\":\"Satchel\"},\"image\":{\"@id\":\"https:\/\/satchel.eu\/pl\/#\/schema\/logo\/image\/\"}}]}<\/script>\n<!-- \/ Yoast SEO plugin. -->","yoast_head_json":{"title":"FAQ - Satchel: rozwi\u0105zanie do zarz\u0105dzania pieni\u0119dzmi","description":"Nasza strona FAQ b\u0119dzie przydatna dla ka\u017cdego, kto szuka wi\u0119cej informacji lub potrzebuje wsparcia technicznego zwi\u0105zanego z us\u0142ugami Satchel.","robots":{"index":"index","follow":"follow","max-snippet":"max-snippet:-1","max-image-preview":"max-image-preview:large","max-video-preview":"max-video-preview:-1"},"canonical":"https:\/\/satchel.eu\/pl\/faq\/","og_locale":"pl_PL","og_type":"article","og_title":"FAQ - Satchel: rozwi\u0105zanie do zarz\u0105dzania pieni\u0119dzmi","og_description":"Nasza strona FAQ b\u0119dzie przydatna dla ka\u017cdego, kto szuka wi\u0119cej informacji lub potrzebuje wsparcia technicznego zwi\u0105zanego z us\u0142ugami Satchel.","og_url":"https:\/\/satchel.eu\/pl\/faq\/","og_site_name":"Satchel","article_modified_time":"2025-12-29T13:35:44+00:00","twitter_card":"summary_large_image","twitter_misc":{"Szacowany czas czytania":"3 minuty"},"schema":{"@context":"https:\/\/schema.org","@graph":[{"@type":"WebPage","@id":"https:\/\/satchel.eu\/pl\/faq\/","url":"https:\/\/satchel.eu\/pl\/faq\/","name":"FAQ - Satchel: rozwi\u0105zanie do zarz\u0105dzania pieni\u0119dzmi","isPartOf":{"@id":"https:\/\/satchel.eu\/pl\/#website"},"datePublished":"2021-03-02T17:57:02+00:00","dateModified":"2025-12-29T13:35:44+00:00","description":"Nasza strona FAQ b\u0119dzie przydatna dla ka\u017cdego, kto szuka wi\u0119cej informacji lub potrzebuje wsparcia technicznego zwi\u0105zanego z us\u0142ugami Satchel.","breadcrumb":{"@id":"https:\/\/satchel.eu\/pl\/faq\/#breadcrumb"},"inLanguage":"pl-PL","potentialAction":[{"@type":"ReadAction","target":["https:\/\/satchel.eu\/pl\/faq\/"]}]},{"@type":"BreadcrumbList","@id":"https:\/\/satchel.eu\/pl\/faq\/#breadcrumb","itemListElement":[{"@type":"ListItem","position":1,"name":"Satchel","item":"https:\/\/satchel.eu\/pl\/"},{"@type":"ListItem","position":2,"name":"FAQ"}]},{"@type":"WebSite","@id":"https:\/\/satchel.eu\/pl\/#website","url":"https:\/\/satchel.eu\/pl\/","name":"Satchel","description":"Your money management solution","publisher":{"@id":"https:\/\/satchel.eu\/pl\/#organization"},"potentialAction":[{"@type":"SearchAction","target":{"@type":"EntryPoint","urlTemplate":"https:\/\/satchel.eu\/pl\/?s={search_term_string}"},"query-input":"required name=search_term_string"}],"inLanguage":"pl-PL"},{"@type":"Organization","@id":"https:\/\/satchel.eu\/pl\/#organization","name":"Satchel","url":"https:\/\/satchel.eu\/pl\/","logo":{"@type":"ImageObject","inLanguage":"pl-PL","@id":"https:\/\/satchel.eu\/pl\/#\/schema\/logo\/image\/","url":"https:\/\/satchel.eu\/pl\/wp-content\/uploads\/sites\/6\/2021\/05\/logo-black.jpg","contentUrl":"https:\/\/satchel.eu\/pl\/wp-content\/uploads\/sites\/6\/2021\/05\/logo-black.jpg","width":135,"height":32,"caption":"Satchel"},"image":{"@id":"https:\/\/satchel.eu\/pl\/#\/schema\/logo\/image\/"}}]}},"_links":{"self":[{"href":"https:\/\/satchel.eu\/pl\/wp-json\/wp\/v2\/pages\/99","targetHints":{"allow":["GET"]}}],"collection":[{"href":"https:\/\/satchel.eu\/pl\/wp-json\/wp\/v2\/pages"}],"about":[{"href":"https:\/\/satchel.eu\/pl\/wp-json\/wp\/v2\/types\/page"}],"author":[{"embeddable":true,"href":"https:\/\/satchel.eu\/pl\/wp-json\/wp\/v2\/users\/5"}],"replies":[{"embeddable":true,"href":"https:\/\/satchel.eu\/pl\/wp-json\/wp\/v2\/comments?post=99"}],"version-history":[{"count":10,"href":"https:\/\/satchel.eu\/pl\/wp-json\/wp\/v2\/pages\/99\/revisions"}],"predecessor-version":[{"id":5827,"href":"https:\/\/satchel.eu\/pl\/wp-json\/wp\/v2\/pages\/99\/revisions\/5827"}],"wp:attachment":[{"href":"https:\/\/satchel.eu\/pl\/wp-json\/wp\/v2\/media?parent=99"}],"curies":[{"name":"wp","href":"https:\/\/api.w.org\/{rel}","templated":true}]}}