{"id":114,"date":"2021-03-02T20:08:43","date_gmt":"2021-03-02T18:08:43","guid":{"rendered":"https:\/\/satchel.eu\/?page_id=114"},"modified":"2025-12-08T14:17:37","modified_gmt":"2025-12-08T12:17:37","slug":"documentos-para-particulares","status":"publish","type":"page","link":"https:\/\/satchel.eu\/pt\/documentos-para-particulares\/","title":{"rendered":"Conjunto de documentos para particulares"},"content":{"rendered":"<section class=\"section mh-lg-460px d-lg-flex align-items-lg-center\">\r\n  <div class=\"container\">\r\n    <div class=\"row\">\r\n      <div class=\"col-lg-12 mx-auto\">\r\n        <h1 class=\"mb-0 text-center\">List of documents required to open a personal European account<\/h1>\r\n      <\/div>\r\n    <\/div>\r\n    <div class=\"d-flex align-items-center justify-content-center mt-30\">\r\n      <a href=\"#section2\" class=\"js-scroll-to\"><img decoding=\"async\" class=\"lazyload\" data-src=\"https:\/\/satchel.eu\/pt\/wp-content\/themes\/satchel\/public\/img\/hero-scroll-down-icon.svg?v=2.5\" src=\"data:image\/gif;base64,R0lGODlhAQABAAAAACH5BAEKAAEALAAAAAABAAEAAAICTAEAOw==\" alt><\/a>\r\n    <\/div>\r\n  <\/div>\r\n<\/section>\r\n\r\n<section class=\"section\" id=\"section2\">\r\n  <div class=\"container no-grayscale\">\r\n    <div class=\"row\">\r\n      <div class=\"col-md-8 col-lg-6 offset-lg-1\">\r\n        <h2 class=\"mb-15\">Documents needed:<\/h2>\r\n      <\/div>\r\n    <\/div>\r\n    <div class=\"row\">\r\n      <div class=\"col-md-8 col-lg-6 offset-lg-1 mb-md-0 mb-30\">\r\n        <p class=\"mb-0\">\r\n          1. <b>Passport<\/b> or <b>national ID<\/b>:<br><br>\r\n           EU\/EEA citizens can choose to scan their ID card or international passport. Non-EU citizens must use the international passport option. Verification is carried out through the Ondato solution.<br><br>\r\n          2. <b>Proof of address<\/b>:<br><br>\r\n          You can provide any utility bill or a bank statement translated into English or Lithuanian dated within the last 3 months.<br><br>\r\n          The application form must be filled out <a href=\"https:\/\/my.satchel.eu\/#\/registration\/personal\">online<\/a>. Before starting your application, we strongly recommend checking if your country is not on the list of <a href=\"https:\/\/satchel.eu\/pt\/prohibited-countries-and-activities\/\">blacklisted jurisdictions<\/a>.\r\n        <\/p>\r\n      <\/div>\r\n      <div class=\"col-md-8 col-lg-6 offset-lg-1\">\r\n        <!-- <p class=\"h4 mb-30\">Passport requirements<\/p> -->\r\n        <div class=\"d-flex flex-row flex-wrap\">\r\n          <div class=\"d-flex align-items-center w-100 w-md-50 pr-md-20 mb-25\"><img decoding=\"async\" class=\"lazyload mr-15 mw-48px mh-48px w-48px h-48px\" data-src=\"https:\/\/satchel.eu\/pt\/wp-content\/themes\/satchel\/public\/img\/documents-set-for-personal\/icon-1.svg?v=2.5\" src=\"data:image\/gif;base64,R0lGODlhAQABAAAAACH5BAEKAAEALAAAAAABAAEAAAICTAEAOw==\" alt>\r\n            <p class=\"p-md mb-0\"> EU\/EEA residency is not required<\/p>\r\n          <\/div>\r\n          <div class=\"d-flex align-items-center w-100 w-md-50 pl-md-20 mb-25\"><img decoding=\"async\" class=\"lazyload mr-15 mw-48px mh-48px w-48px h-48px\" data-src=\"https:\/\/satchel.eu\/pt\/wp-content\/themes\/satchel\/public\/img\/documents-set-for-personal\/icon-2.svg?v=2.5\" src=\"data:image\/gif;base64,R0lGODlhAQABAAAAACH5BAEKAAEALAAAAAABAAEAAAICTAEAOw==\" alt>\r\n            <p class=\"p-md mb-0\">Proof of employment is not necessary<\/p>\r\n          <\/div>\r\n          <div class=\"d-flex align-items-center w-100 w-md-50 pr-md-20 mb-25 mb-md-0\"><img decoding=\"async\" class=\"lazyload mr-15 mw-48px mh-48px w-48px h-48px\" data-src=\"https:\/\/satchel.eu\/pt\/wp-content\/themes\/satchel\/public\/img\/documents-set-for-personal\/icon-3.svg?v=2.5\" src=\"data:image\/gif;base64,R0lGODlhAQABAAAAACH5BAEKAAEALAAAAAABAAEAAAICTAEAOw==\" alt>\r\n            <p class=\"p-md mb-0\">A utility bill from your country is valid as proof of address<\/p>\r\n          <\/div>\r\n          <div class=\"d-flex align-items-center w-100 w-md-50 pl-md-20\"><img decoding=\"async\" class=\"lazyload mr-15 mw-48px mh-48px w-48px h-48px\" data-src=\"https:\/\/satchel.eu\/pt\/wp-content\/themes\/satchel\/public\/img\/documents-set-for-personal\/icon-4.svg?v=2.5\" src=\"data:image\/gif;base64,R0lGODlhAQABAAAAACH5BAEKAAEALAAAAAABAAEAAAICTAEAOw==\" alt>\r\n            <p class=\"p-md mb-0\">Service is available for adults aged 18 and older<\/p>\r\n          <\/div>\r\n        <\/div><a class=\"btn btn-primary d-inline-flex d-md-none mt-15\" href=\"https:\/\/satchel.eu\/pt\/security\">More about security    <\/a>\r\n      <\/div>\r\n    <\/div>\r\n    <div class=\"container mt-md-90 mt-45\">\r\n      <h2 class=\"text-center mb-15\">Ready to open a personal account?<\/h2>\r\n      <div class=\"row\">\r\n        <div class=\"col-lg-14 mx-auto\">\r\n          <p class=\"text-center\">Click on the button below to start the application process.<\/p>\r\n\r\n          <div class=\"text-center\"><a class=\"btn btn-primary js-personal-acc-opening-link\" href=\"https:\/\/my.satchel.eu\/#\/registration\/personal\">Open personal account<\/a><\/div>\r\n        <\/div>\r\n      <\/div>\r\n    <\/div>\r\n  <\/div>\r\n  <!--<div class=\"container mt-md-90 mt-45\">\r\n    <h2 class=\"text-center mb-30\">Passport requirements:<\/h2>\r\n    <div class=\"row\">\r\n      <div class=\"col-lg-14 mx-auto\">\r\n        <div class=\"solutions\">\r\n          <div class=\"row\">\r\n            <div class=\"solutions__item col-sm-8 col-md-4\">\r\n              <div class=\"solution\">\r\n                <div class=\"solution__img mb-40\"><img decoding=\"async\" class=\"lazyload\" data-src=\"\/wp-content\/themes\/satchel\/public\/img\/solution-placeholder-img.jpg\" src=\"data:image\/gif;base64,R0lGODlhAQABAAAAACH5BAEKAAEALAAAAAABAAEAAAICTAEAOw==\" alt><\/div>\r\n                <p class=\"p-md text-gray font-weight-bold text-center solution__title mb-10\">High-resolution colored scan copy<\/p>\r\n              <\/div>\r\n            <\/div>\r\n            <div class=\"solutions__item col-sm-8 col-md-4\">\r\n              <div class=\"solution\">\r\n                <div class=\"solution__img mb-40\"><img decoding=\"async\" class=\"lazyload\" data-src=\"\/wp-content\/themes\/satchel\/public\/img\/solution-placeholder-img.jpg\" src=\"data:image\/gif;base64,R0lGODlhAQABAAAAACH5BAEKAAEALAAAAAABAAEAAAICTAEAOw==\" alt><\/div>\r\n                <p class=\"p-md text-gray font-weight-bold text-center solution__title mb-10\">Format: PDF or PNG<\/p>\r\n              <\/div>\r\n            <\/div>\r\n            <div class=\"solutions__item col-sm-8 col-md-4\">\r\n              <div class=\"solution\">\r\n                <div class=\"solution__img mb-40\"><img decoding=\"async\" class=\"lazyload\" data-src=\"\/wp-content\/themes\/satchel\/public\/img\/solution-placeholder-img.jpg\" src=\"data:image\/gif;base64,R0lGODlhAQABAAAAACH5BAEKAAEALAAAAAABAAEAAAICTAEAOw==\" alt><\/div>\r\n                <p class=\"p-md text-gray font-weight-bold text-center solution__title mb-10\">White background<\/p>\r\n              <\/div>\r\n            <\/div>\r\n            <div class=\"solutions__item col-sm-8 col-md-4\">\r\n              <div class=\"solution\">\r\n                <div class=\"solution__img mb-40\"><img decoding=\"async\" class=\"lazyload\" data-src=\"\/wp-content\/themes\/satchel\/public\/img\/solution-placeholder-img.jpg\" src=\"data:image\/gif;base64,R0lGODlhAQABAAAAACH5BAEKAAEALAAAAAABAAEAAAICTAEAOw==\" alt><\/div>\r\n                <p class=\"p-md text-gray font-weight-bold text-center solution__title mb-10\">No cropping (all zones and corners must be clearly visible). <\/p>\r\n              <\/div>\r\n            <\/div>\r\n          <\/div>\r\n        <\/div>\r\n      <\/div>\r\n    <\/div>\r\n  <\/div>-->\r\n<\/section>","protected":false},"excerpt":{"rendered":"List of documents required to open a personal European account Documents needed: 1. Passport or national ID: EU\/EEA citizens can choose to scan their ID card or international passport. Non-EU citizens must use the international passport option. Verification is carried out through the Ondato solution. 2. Proof of address: You can provide any utility bill&#8230;","protected":false},"author":5,"featured_media":0,"parent":0,"menu_order":0,"comment_status":"closed","ping_status":"closed","template":"templates\/documents-set-for-personal.php","meta":{"_acf_changed":false,"footnotes":""},"class_list":["post-114","page","type-page","status-publish","hentry"],"acf":[],"yoast_head":"<!-- This site is optimized with the Yoast SEO plugin v22.0 - https:\/\/yoast.com\/wordpress\/plugins\/seo\/ -->\n<title>Documentos para Conta Pessoal - Satchel<\/title>\n<meta name=\"description\" content=\"Descubra os documentos necess\u00e1rios para abertura de conta pessoal online com a Satchel, esteja voc\u00ea na UE ou n\u00e3o.\" \/>\n<meta name=\"robots\" content=\"index, follow, max-snippet:-1, max-image-preview:large, max-video-preview:-1\" \/>\n<link rel=\"canonical\" href=\"https:\/\/satchel.eu\/pt\/documentos-para-particulares\/\" \/>\n<meta property=\"og:locale\" content=\"pt_PT\" \/>\n<meta property=\"og:type\" content=\"article\" \/>\n<meta property=\"og:title\" content=\"Documentos para Conta Pessoal - Satchel\" \/>\n<meta property=\"og:description\" content=\"Descubra os documentos necess\u00e1rios para abertura de conta pessoal online com a Satchel, esteja voc\u00ea na UE ou n\u00e3o.\" \/>\n<meta property=\"og:url\" content=\"https:\/\/satchel.eu\/pt\/documentos-para-particulares\/\" \/>\n<meta property=\"og:site_name\" content=\"Satchel\" \/>\n<meta property=\"article:modified_time\" content=\"2025-12-08T12:17:37+00:00\" \/>\n<meta name=\"twitter:card\" content=\"summary_large_image\" \/>\n<meta name=\"twitter:label1\" content=\"Est. reading time\" \/>\n\t<meta name=\"twitter:data1\" content=\"2 minutos\" \/>\n<script type=\"application\/ld+json\" class=\"yoast-schema-graph\">{\"@context\":\"https:\/\/schema.org\",\"@graph\":[{\"@type\":\"WebPage\",\"@id\":\"https:\/\/satchel.eu\/pt\/documentos-para-particulares\/\",\"url\":\"https:\/\/satchel.eu\/pt\/documentos-para-particulares\/\",\"name\":\"Documentos para Conta Pessoal - Satchel\",\"isPartOf\":{\"@id\":\"https:\/\/satchel.eu\/pt\/#website\"},\"datePublished\":\"2021-03-02T18:08:43+00:00\",\"dateModified\":\"2025-12-08T12:17:37+00:00\",\"description\":\"Descubra os documentos necess\u00e1rios para abertura de conta pessoal online com a Satchel, esteja voc\u00ea na UE ou n\u00e3o.\",\"breadcrumb\":{\"@id\":\"https:\/\/satchel.eu\/pt\/documentos-para-particulares\/#breadcrumb\"},\"inLanguage\":\"pt-PT\",\"potentialAction\":[{\"@type\":\"ReadAction\",\"target\":[\"https:\/\/satchel.eu\/pt\/documentos-para-particulares\/\"]}]},{\"@type\":\"BreadcrumbList\",\"@id\":\"https:\/\/satchel.eu\/pt\/documentos-para-particulares\/#breadcrumb\",\"itemListElement\":[{\"@type\":\"ListItem\",\"position\":1,\"name\":\"Satchel\",\"item\":\"https:\/\/satchel.eu\/pt\/\"},{\"@type\":\"ListItem\",\"position\":2,\"name\":\"Conjunto de documentos para particulares\"}]},{\"@type\":\"WebSite\",\"@id\":\"https:\/\/satchel.eu\/pt\/#website\",\"url\":\"https:\/\/satchel.eu\/pt\/\",\"name\":\"Satchel\",\"description\":\"Your money management solution\",\"publisher\":{\"@id\":\"https:\/\/satchel.eu\/pt\/#organization\"},\"potentialAction\":[{\"@type\":\"SearchAction\",\"target\":{\"@type\":\"EntryPoint\",\"urlTemplate\":\"https:\/\/satchel.eu\/pt\/?s={search_term_string}\"},\"query-input\":\"required name=search_term_string\"}],\"inLanguage\":\"pt-PT\"},{\"@type\":\"Organization\",\"@id\":\"https:\/\/satchel.eu\/pt\/#organization\",\"name\":\"Satchel\",\"url\":\"https:\/\/satchel.eu\/pt\/\",\"logo\":{\"@type\":\"ImageObject\",\"inLanguage\":\"pt-PT\",\"@id\":\"https:\/\/satchel.eu\/pt\/#\/schema\/logo\/image\/\",\"url\":\"https:\/\/satchel.eu\/pt\/wp-content\/uploads\/sites\/9\/2021\/05\/logo-black.jpg\",\"contentUrl\":\"https:\/\/satchel.eu\/pt\/wp-content\/uploads\/sites\/9\/2021\/05\/logo-black.jpg\",\"width\":135,\"height\":32,\"caption\":\"Satchel\"},\"image\":{\"@id\":\"https:\/\/satchel.eu\/pt\/#\/schema\/logo\/image\/\"}}]}<\/script>\n<!-- \/ Yoast SEO plugin. -->","yoast_head_json":{"title":"Documentos para Conta Pessoal - Satchel","description":"Descubra os documentos necess\u00e1rios para abertura de conta pessoal online com a Satchel, esteja voc\u00ea na UE ou n\u00e3o.","robots":{"index":"index","follow":"follow","max-snippet":"max-snippet:-1","max-image-preview":"max-image-preview:large","max-video-preview":"max-video-preview:-1"},"canonical":"https:\/\/satchel.eu\/pt\/documentos-para-particulares\/","og_locale":"pt_PT","og_type":"article","og_title":"Documentos para Conta Pessoal - Satchel","og_description":"Descubra os documentos necess\u00e1rios para abertura de conta pessoal online com a Satchel, esteja voc\u00ea na UE ou n\u00e3o.","og_url":"https:\/\/satchel.eu\/pt\/documentos-para-particulares\/","og_site_name":"Satchel","article_modified_time":"2025-12-08T12:17:37+00:00","twitter_card":"summary_large_image","twitter_misc":{"Est. reading time":"2 minutos"},"schema":{"@context":"https:\/\/schema.org","@graph":[{"@type":"WebPage","@id":"https:\/\/satchel.eu\/pt\/documentos-para-particulares\/","url":"https:\/\/satchel.eu\/pt\/documentos-para-particulares\/","name":"Documentos para Conta Pessoal - Satchel","isPartOf":{"@id":"https:\/\/satchel.eu\/pt\/#website"},"datePublished":"2021-03-02T18:08:43+00:00","dateModified":"2025-12-08T12:17:37+00:00","description":"Descubra os documentos necess\u00e1rios para abertura de conta pessoal online com a Satchel, esteja voc\u00ea na UE ou n\u00e3o.","breadcrumb":{"@id":"https:\/\/satchel.eu\/pt\/documentos-para-particulares\/#breadcrumb"},"inLanguage":"pt-PT","potentialAction":[{"@type":"ReadAction","target":["https:\/\/satchel.eu\/pt\/documentos-para-particulares\/"]}]},{"@type":"BreadcrumbList","@id":"https:\/\/satchel.eu\/pt\/documentos-para-particulares\/#breadcrumb","itemListElement":[{"@type":"ListItem","position":1,"name":"Satchel","item":"https:\/\/satchel.eu\/pt\/"},{"@type":"ListItem","position":2,"name":"Conjunto de documentos para particulares"}]},{"@type":"WebSite","@id":"https:\/\/satchel.eu\/pt\/#website","url":"https:\/\/satchel.eu\/pt\/","name":"Satchel","description":"Your money management solution","publisher":{"@id":"https:\/\/satchel.eu\/pt\/#organization"},"potentialAction":[{"@type":"SearchAction","target":{"@type":"EntryPoint","urlTemplate":"https:\/\/satchel.eu\/pt\/?s={search_term_string}"},"query-input":"required name=search_term_string"}],"inLanguage":"pt-PT"},{"@type":"Organization","@id":"https:\/\/satchel.eu\/pt\/#organization","name":"Satchel","url":"https:\/\/satchel.eu\/pt\/","logo":{"@type":"ImageObject","inLanguage":"pt-PT","@id":"https:\/\/satchel.eu\/pt\/#\/schema\/logo\/image\/","url":"https:\/\/satchel.eu\/pt\/wp-content\/uploads\/sites\/9\/2021\/05\/logo-black.jpg","contentUrl":"https:\/\/satchel.eu\/pt\/wp-content\/uploads\/sites\/9\/2021\/05\/logo-black.jpg","width":135,"height":32,"caption":"Satchel"},"image":{"@id":"https:\/\/satchel.eu\/pt\/#\/schema\/logo\/image\/"}}]}},"_links":{"self":[{"href":"https:\/\/satchel.eu\/pt\/wp-json\/wp\/v2\/pages\/114","targetHints":{"allow":["GET"]}}],"collection":[{"href":"https:\/\/satchel.eu\/pt\/wp-json\/wp\/v2\/pages"}],"about":[{"href":"https:\/\/satchel.eu\/pt\/wp-json\/wp\/v2\/types\/page"}],"author":[{"embeddable":true,"href":"https:\/\/satchel.eu\/pt\/wp-json\/wp\/v2\/users\/5"}],"replies":[{"embeddable":true,"href":"https:\/\/satchel.eu\/pt\/wp-json\/wp\/v2\/comments?post=114"}],"version-history":[{"count":19,"href":"https:\/\/satchel.eu\/pt\/wp-json\/wp\/v2\/pages\/114\/revisions"}],"predecessor-version":[{"id":7007,"href":"https:\/\/satchel.eu\/pt\/wp-json\/wp\/v2\/pages\/114\/revisions\/7007"}],"wp:attachment":[{"href":"https:\/\/satchel.eu\/pt\/wp-json\/wp\/v2\/media?parent=114"}],"curies":[{"name":"wp","href":"https:\/\/api.w.org\/{rel}","templated":true}]}}