{"id":132,"date":"2021-03-02T20:30:37","date_gmt":"2021-03-02T18:30:37","guid":{"rendered":"https:\/\/satchel.eu\/?page_id=132"},"modified":"2025-12-29T15:36:14","modified_gmt":"2025-12-29T13:36:14","slug":"kit-de-imprensa","status":"publish","type":"page","link":"https:\/\/satchel.eu\/pt\/kit-de-imprensa\/","title":{"rendered":"Kit de imprensa"},"content":{"rendered":"<section class=\"section pt-45 pt-md-70 pb-0\">\n<div class=\"container\">\n<div class=\"row\">\n<div class=\"col-md-8 col-lg-6 offset-lg-2\">\n<h1 class=\"mb-15\">Press kit<\/h1>\n<\/p><\/div>\n<\/p><\/div>\n<div class=\"row\">\n<div class=\"col-md-8 col-lg-6 offset-lg-2 mb-30 mb-lg-0\">\n<p class=\"mb-0\">Thanks for your interest in Satchel.<br \/>\n          Here you can find more information about us, our logo, images and latest news.<\/p>\n<\/p><\/div>\n<div class=\"col-md-8 col-lg-4 offset-lg-2\">\n        <a class=\"contact-card__link w-100 d-inline-flex align-items-center justify-content-center\" href=\"mailto:marketing@satchel.eu\"><svg xmlns=\"http:\/\/www.w3.org\/2000\/svg\" width=\"17\" height=\"16\" class=\"mr-5\"><g fill=\"none\" fill-rule=\"evenodd\"><path d=\"M.5 0h16v16H.5z\"\/><path d=\"M15 3H2c-.277 0-.5.223-.5.5v10c0 .277.223.5.5.5h13c.277 0 .5-.223.5-.5v-10c0-.277-.223-.5-.5-.5zm-.625 1.731v8.144H2.625V4.731l-.431-.336.614-.789.669.52h10.048l.669-.52.614.79-.433.335zm-.85-.606L8.5 8.031 3.475 4.125l-.669-.52-.614.789.431.336 5.338 4.15a.875.875 0 001.073 0l5.341-4.149.431-.336-.614-.789-.667.519z\" fill=\"#212121\" fill-rule=\"nonzero\"\/><\/g><\/svg>marketing@satchel.eu<\/a><\/p>\n<p class=\"p-md2 text-gray8 text-center mt-10 mb-0\">For press inquires<\/p>\n<\/p><\/div>\n<\/p><\/div>\n<\/p><\/div>\n<\/section>\n<section class=\"section pt-lg-110 pt-90\">\n<div class=\"container\">\n<div class=\"row\">\n<div class=\"col-lg-12 col-xl-10 mx-auto\">\n<div class=\"d-block d-md-flex align-items-md-center justify-content-md-between mb-5\">\n<h2 class=\"mb-0\">Get the latest<\/h2>\n<p>          <a class=\"btn btn-link d-none d-md-inline-flex\" href=\"https:\/\/satchel.eu\/pt\/news\/\">See all <svg xmlns=\"http:\/\/www.w3.org\/2000\/svg\" width=\"17\" height=\"16\" viewBox=\"0 0 17 16\"> <g fill=\"none\" fill-rule=\"evenodd\"> <g> <g> <g> <g> <path d=\"M0 0H16V16H0z\" transform=\"translate(-313 -1628) translate(271 1615) translate(.018 12) translate(42 1)\"\/> <path class=\"path\" fill=\"#4854FF\" d=\"M14.96 8.19c.05-.12.05-.26 0-.38-.03-.06-.06-.12-.11-.16l-4-4c-.2-.2-.51-.2-.71 0-.2.2-.2.51 0 .71l3.15 3.15H1.5C1.22 7.5 1 7.72 1 8s.22.5.5.5h11.79l-3.15 3.15c-.2.2-.2.51 0 .71.1.1.23.15.35.15.12 0 .26-.05.35-.15l4-4c.06-.05.1-.11.12-.17z\" transform=\"translate(-313 -1628) translate(271 1615) translate(.018 12) translate(42 1)\"\/> <\/g> <\/g> <\/g> <\/g> <\/g><\/svg><\/a>\n        <\/div>\n<p class=\"mb-25\">For the most up-to-date news, check our latest news.<\/p>\n<div class=\"latest-news mb-20 mb-md-0\"><\/div>\n<div class=\"d-flex d-md-none justify-content-end\"><a class=\"btn btn-link\" href=\"https:\/\/satchel.eu\/pt\/news\/\">See all <svg xmlns=\"http:\/\/www.w3.org\/2000\/svg\" width=\"17\" height=\"16\" viewBox=\"0 0 17 16\"> <g fill=\"none\" fill-rule=\"evenodd\"> <g> <g> <g> <g> <path d=\"M0 0H16V16H0z\" transform=\"translate(-313 -1628) translate(271 1615) translate(.018 12) translate(42 1)\"\/> <path class=\"path\" fill=\"#4854FF\" d=\"M14.96 8.19c.05-.12.05-.26 0-.38-.03-.06-.06-.12-.11-.16l-4-4c-.2-.2-.51-.2-.71 0-.2.2-.2.51 0 .71l3.15 3.15H1.5C1.22 7.5 1 7.72 1 8s.22.5.5.5h11.79l-3.15 3.15c-.2.2-.2.51 0 .71.1.1.23.15.35.15.12 0 .26-.05.35-.15l4-4c.06-.05.1-.11.12-.17z\" transform=\"translate(-313 -1628) translate(271 1615) translate(.018 12) translate(42 1)\"\/> <\/g> <\/g> <\/g> <\/g> <\/g><\/svg><\/a><\/div>\n<\/p><\/div>\n<\/p><\/div>\n<div class=\"row mt-90 mt-lg-110\">\n<div class=\"col-md-8 col-lg-6 offset-lg-2 border-right mb-25 mb-md-0\">\n<div class=\"h4 text-center mb-25\">Company information<\/div>\n<div class=\"text-center\"><a class=\"btn btn-primary\" href=\"https:\/\/satchel.eu\/pt\/about-us\/\">Learn more about us<\/a><\/div>\n<\/p><\/div>\n<div class=\"col-md-8 col-lg-6\">\n<div class=\"h4 text-center mb-25\">Media assets<\/div>\n<div class=\"text-center\"><a class=\"btn btn-primary d-inline-flex align-items-center\" href=\"https:\/\/satchel.eu\/pt\/wp-content\/themes\/satchel\/public\/img\/logo-black.svg?v=2.5\" download><svg xmlns=\"http:\/\/www.w3.org\/2000\/svg\" width=\"17\" height=\"16\" class=\"mr-5\"><g fill=\"none\" fill-rule=\"evenodd\"><path d=\"M16.5 0v16H.5V0z\"\/><path fill=\"#212121\" fill-rule=\"nonzero\" d=\"M8.31 14.96a.5.5 0 00.38 0c.06-.03.12-.06.16-.11l4-4c.2-.2.2-.51 0-.71-.2-.2-.51-.2-.71 0l-3.15 3.15V1.5C9 1.22 8.78 1 8.5 1s-.5.22-.5.5v11.79l-3.15-3.15c-.2-.2-.51-.2-.71 0a.485.485 0 000 .7l4 4c.05.06.11.1.17.12z\"\/><\/g><\/svg>Download assets<\/a><\/div>\n<\/p><\/div>\n<\/p><\/div>\n<\/section>\n","protected":false},"excerpt":{"rendered":"Press kit Thanks for your interest in Satchel. Here you can find more information about us, our logo, images and latest news. marketing@satchel.eu For press inquires Get the latest See all For the most up-to-date news, check our latest news. See all Company information Learn more about us Media assets Download assets","protected":false},"author":5,"featured_media":0,"parent":0,"menu_order":0,"comment_status":"closed","ping_status":"closed","template":"templates\/press-kit.php","meta":{"_acf_changed":false,"footnotes":""},"class_list":["post-132","page","type-page","status-publish","hentry"],"acf":[],"yoast_head":"<!-- This site is optimized with the Yoast SEO plugin v22.0 - https:\/\/yoast.com\/wordpress\/plugins\/seo\/ -->\n<title>Press Kit - Satchel<\/title>\n<meta name=\"description\" content=\"Descubra informa\u00e7\u00f5es adicionais sobre n\u00f3s, acesse nosso logotipo, imagens e mantenha-se atualizado com as \u00faltimas not\u00edcias. Para consultas da imprensa, encontre os detalhes de contato relevantes.\" \/>\n<meta name=\"robots\" content=\"index, follow, max-snippet:-1, max-image-preview:large, max-video-preview:-1\" \/>\n<link rel=\"canonical\" href=\"https:\/\/satchel.eu\/pt\/kit-de-imprensa\/\" \/>\n<meta property=\"og:locale\" content=\"pt_PT\" \/>\n<meta property=\"og:type\" content=\"article\" \/>\n<meta property=\"og:title\" content=\"Press Kit - Satchel\" \/>\n<meta property=\"og:description\" content=\"Descubra informa\u00e7\u00f5es adicionais sobre n\u00f3s, acesse nosso logotipo, imagens e mantenha-se atualizado com as \u00faltimas not\u00edcias. Para consultas da imprensa, encontre os detalhes de contato relevantes.\" \/>\n<meta property=\"og:url\" content=\"https:\/\/satchel.eu\/pt\/kit-de-imprensa\/\" \/>\n<meta property=\"og:site_name\" content=\"Satchel\" \/>\n<meta property=\"article:modified_time\" content=\"2025-12-29T13:36:14+00:00\" \/>\n<meta name=\"twitter:card\" content=\"summary_large_image\" \/>\n<meta name=\"twitter:label1\" content=\"Est. reading time\" \/>\n\t<meta name=\"twitter:data1\" content=\"1 minuto\" \/>\n<script type=\"application\/ld+json\" class=\"yoast-schema-graph\">{\"@context\":\"https:\/\/schema.org\",\"@graph\":[{\"@type\":\"WebPage\",\"@id\":\"https:\/\/satchel.eu\/pt\/kit-de-imprensa\/\",\"url\":\"https:\/\/satchel.eu\/pt\/kit-de-imprensa\/\",\"name\":\"Press Kit - Satchel\",\"isPartOf\":{\"@id\":\"https:\/\/satchel.eu\/pt\/#website\"},\"datePublished\":\"2021-03-02T18:30:37+00:00\",\"dateModified\":\"2025-12-29T13:36:14+00:00\",\"description\":\"Descubra informa\u00e7\u00f5es adicionais sobre n\u00f3s, acesse nosso logotipo, imagens e mantenha-se atualizado com as \u00faltimas not\u00edcias. Para consultas da imprensa, encontre os detalhes de contato relevantes.\",\"breadcrumb\":{\"@id\":\"https:\/\/satchel.eu\/pt\/kit-de-imprensa\/#breadcrumb\"},\"inLanguage\":\"pt-PT\",\"potentialAction\":[{\"@type\":\"ReadAction\",\"target\":[\"https:\/\/satchel.eu\/pt\/kit-de-imprensa\/\"]}]},{\"@type\":\"BreadcrumbList\",\"@id\":\"https:\/\/satchel.eu\/pt\/kit-de-imprensa\/#breadcrumb\",\"itemListElement\":[{\"@type\":\"ListItem\",\"position\":1,\"name\":\"Satchel\",\"item\":\"https:\/\/satchel.eu\/pt\/\"},{\"@type\":\"ListItem\",\"position\":2,\"name\":\"Kit de imprensa\"}]},{\"@type\":\"WebSite\",\"@id\":\"https:\/\/satchel.eu\/pt\/#website\",\"url\":\"https:\/\/satchel.eu\/pt\/\",\"name\":\"Satchel\",\"description\":\"Your money management solution\",\"publisher\":{\"@id\":\"https:\/\/satchel.eu\/pt\/#organization\"},\"potentialAction\":[{\"@type\":\"SearchAction\",\"target\":{\"@type\":\"EntryPoint\",\"urlTemplate\":\"https:\/\/satchel.eu\/pt\/?s={search_term_string}\"},\"query-input\":\"required name=search_term_string\"}],\"inLanguage\":\"pt-PT\"},{\"@type\":\"Organization\",\"@id\":\"https:\/\/satchel.eu\/pt\/#organization\",\"name\":\"Satchel\",\"url\":\"https:\/\/satchel.eu\/pt\/\",\"logo\":{\"@type\":\"ImageObject\",\"inLanguage\":\"pt-PT\",\"@id\":\"https:\/\/satchel.eu\/pt\/#\/schema\/logo\/image\/\",\"url\":\"https:\/\/satchel.eu\/pt\/wp-content\/uploads\/sites\/9\/2021\/05\/logo-black.jpg\",\"contentUrl\":\"https:\/\/satchel.eu\/pt\/wp-content\/uploads\/sites\/9\/2021\/05\/logo-black.jpg\",\"width\":135,\"height\":32,\"caption\":\"Satchel\"},\"image\":{\"@id\":\"https:\/\/satchel.eu\/pt\/#\/schema\/logo\/image\/\"}}]}<\/script>\n<!-- \/ Yoast SEO plugin. -->","yoast_head_json":{"title":"Press Kit - Satchel","description":"Descubra informa\u00e7\u00f5es adicionais sobre n\u00f3s, acesse nosso logotipo, imagens e mantenha-se atualizado com as \u00faltimas not\u00edcias. Para consultas da imprensa, encontre os detalhes de contato relevantes.","robots":{"index":"index","follow":"follow","max-snippet":"max-snippet:-1","max-image-preview":"max-image-preview:large","max-video-preview":"max-video-preview:-1"},"canonical":"https:\/\/satchel.eu\/pt\/kit-de-imprensa\/","og_locale":"pt_PT","og_type":"article","og_title":"Press Kit - Satchel","og_description":"Descubra informa\u00e7\u00f5es adicionais sobre n\u00f3s, acesse nosso logotipo, imagens e mantenha-se atualizado com as \u00faltimas not\u00edcias. Para consultas da imprensa, encontre os detalhes de contato relevantes.","og_url":"https:\/\/satchel.eu\/pt\/kit-de-imprensa\/","og_site_name":"Satchel","article_modified_time":"2025-12-29T13:36:14+00:00","twitter_card":"summary_large_image","twitter_misc":{"Est. reading time":"1 minuto"},"schema":{"@context":"https:\/\/schema.org","@graph":[{"@type":"WebPage","@id":"https:\/\/satchel.eu\/pt\/kit-de-imprensa\/","url":"https:\/\/satchel.eu\/pt\/kit-de-imprensa\/","name":"Press Kit - Satchel","isPartOf":{"@id":"https:\/\/satchel.eu\/pt\/#website"},"datePublished":"2021-03-02T18:30:37+00:00","dateModified":"2025-12-29T13:36:14+00:00","description":"Descubra informa\u00e7\u00f5es adicionais sobre n\u00f3s, acesse nosso logotipo, imagens e mantenha-se atualizado com as \u00faltimas not\u00edcias. Para consultas da imprensa, encontre os detalhes de contato relevantes.","breadcrumb":{"@id":"https:\/\/satchel.eu\/pt\/kit-de-imprensa\/#breadcrumb"},"inLanguage":"pt-PT","potentialAction":[{"@type":"ReadAction","target":["https:\/\/satchel.eu\/pt\/kit-de-imprensa\/"]}]},{"@type":"BreadcrumbList","@id":"https:\/\/satchel.eu\/pt\/kit-de-imprensa\/#breadcrumb","itemListElement":[{"@type":"ListItem","position":1,"name":"Satchel","item":"https:\/\/satchel.eu\/pt\/"},{"@type":"ListItem","position":2,"name":"Kit de imprensa"}]},{"@type":"WebSite","@id":"https:\/\/satchel.eu\/pt\/#website","url":"https:\/\/satchel.eu\/pt\/","name":"Satchel","description":"Your money management solution","publisher":{"@id":"https:\/\/satchel.eu\/pt\/#organization"},"potentialAction":[{"@type":"SearchAction","target":{"@type":"EntryPoint","urlTemplate":"https:\/\/satchel.eu\/pt\/?s={search_term_string}"},"query-input":"required name=search_term_string"}],"inLanguage":"pt-PT"},{"@type":"Organization","@id":"https:\/\/satchel.eu\/pt\/#organization","name":"Satchel","url":"https:\/\/satchel.eu\/pt\/","logo":{"@type":"ImageObject","inLanguage":"pt-PT","@id":"https:\/\/satchel.eu\/pt\/#\/schema\/logo\/image\/","url":"https:\/\/satchel.eu\/pt\/wp-content\/uploads\/sites\/9\/2021\/05\/logo-black.jpg","contentUrl":"https:\/\/satchel.eu\/pt\/wp-content\/uploads\/sites\/9\/2021\/05\/logo-black.jpg","width":135,"height":32,"caption":"Satchel"},"image":{"@id":"https:\/\/satchel.eu\/pt\/#\/schema\/logo\/image\/"}}]}},"_links":{"self":[{"href":"https:\/\/satchel.eu\/pt\/wp-json\/wp\/v2\/pages\/132","targetHints":{"allow":["GET"]}}],"collection":[{"href":"https:\/\/satchel.eu\/pt\/wp-json\/wp\/v2\/pages"}],"about":[{"href":"https:\/\/satchel.eu\/pt\/wp-json\/wp\/v2\/types\/page"}],"author":[{"embeddable":true,"href":"https:\/\/satchel.eu\/pt\/wp-json\/wp\/v2\/users\/5"}],"replies":[{"embeddable":true,"href":"https:\/\/satchel.eu\/pt\/wp-json\/wp\/v2\/comments?post=132"}],"version-history":[{"count":10,"href":"https:\/\/satchel.eu\/pt\/wp-json\/wp\/v2\/pages\/132\/revisions"}],"predecessor-version":[{"id":7003,"href":"https:\/\/satchel.eu\/pt\/wp-json\/wp\/v2\/pages\/132\/revisions\/7003"}],"wp:attachment":[{"href":"https:\/\/satchel.eu\/pt\/wp-json\/wp\/v2\/media?parent=132"}],"curies":[{"name":"wp","href":"https:\/\/api.w.org\/{rel}","templated":true}]}}