{"id":1541,"date":"2021-04-07T11:06:45","date_gmt":"2021-04-07T08:06:45","guid":{"rendered":"https:\/\/satchel.eu\/?page_id=1541"},"modified":"2023-10-04T15:10:50","modified_gmt":"2023-10-04T12:10:50","slug":"sitemap","status":"publish","type":"page","link":"https:\/\/satchel.eu\/pt\/sitemap\/","title":{"rendered":"Sitemap"},"content":{"rendered":"<section class=\"section\"> \r\n  <div class=\"container\">\r\n    <div class=\"row align-items-center\">\r\n      <div class=\"col-md-12 mx-auto\">\r\n        <h1 class=\"mb-30\">Sitemap<\/h1>\r\n        <h2>P\u00e1ginas<\/h2><ul class=\"simple-sitemap-page\"><li class=\"page_item page-item-45\"><a href=\"https:\/\/satchel.eu\/pt\/acceptable-use-policy\/\">Acceptable Use Policy<\/a><\/li><li class=\"page_item page-item-47\"><a href=\"https:\/\/satchel.eu\/pt\/aml-policy\/\">AML &#038; Compliance Poilicies<\/a><\/li><li class=\"page_item page-item-49\"><a href=\"https:\/\/satchel.eu\/pt\/api\/\">API<\/a><\/li><li class=\"page_item page-item-96\"><a href=\"https:\/\/satchel.eu\/pt\/aplicacao-satchel\/\">Aplica\u00e7\u00e3o Satchel<\/a><\/li><li class=\"page_item page-item-55\"><a href=\"https:\/\/satchel.eu\/pt\/banking-as-a-service\/\">Banca como servi\u00e7o (BaaS)<\/a><\/li><li class=\"page_item page-item-5149\"><a href=\"https:\/\/satchel.eu\/pt\/black-friday-2023\/\">Black Friday 2023<\/a><\/li><li class=\"page_item page-item-6406\"><a href=\"https:\/\/satchel.eu\/pt\/black-friday-2024\/\">Black Friday 2024<\/a><\/li><li class=\"page_item page-item-137\"><a href=\"https:\/\/satchel.eu\/pt\/paises-e-atividades-proibidos\/\">Blacklisted Jurisdictions and Prohibited Activities<\/a><\/li><li class=\"page_item page-item-59 current_page_parent\"><a href=\"https:\/\/satchel.eu\/pt\/blog\/\">Blog<\/a><\/li><li class=\"page_item page-item-61\"><a href=\"https:\/\/satchel.eu\/pt\/brochuras\/\">Brochuras<\/a><\/li><li class=\"page_item page-item-94\"><a href=\"https:\/\/satchel.eu\/pt\/cambio-de-moeda\/\">C\u00e2mbio<\/a><\/li><li class=\"page_item page-item-70\"><a href=\"https:\/\/satchel.eu\/pt\/carreiras\/\">Carreiras<\/a><\/li><li class=\"page_item page-item-68\"><a href=\"https:\/\/satchel.eu\/pt\/cartoes-white-label\/\">Cart\u00f5es de marca branca<\/a><\/li><li class=\"page_item page-item-123\"><a href=\"https:\/\/satchel.eu\/pt\/cartoes-de-pagamento\/\">Cart\u00f5es de pagamento<\/a><\/li><li class=\"page_item page-item-112\"><a href=\"https:\/\/satchel.eu\/pt\/documentos-para-empresas\/\">Conjunto de documentos para empresas<\/a><\/li><li class=\"page_item page-item-114\"><a href=\"https:\/\/satchel.eu\/pt\/documentos-para-particulares\/\">Conjunto de documentos para particulares<\/a><\/li><li class=\"page_item page-item-105\"><a href=\"https:\/\/satchel.eu\/pt\/consultoria-fintech\/\">Consultoria em fintech<\/a><\/li><li class=\"page_item page-item-90\"><a href=\"https:\/\/satchel.eu\/pt\/consumer-rights-and-responsibilities\/\">Consumer Rights and Responsibilities<\/a><\/li><li class=\"page_item page-item-2991\"><a href=\"https:\/\/satchel.eu\/pt\/conta-de-comerciante\/\">Conta comercial<\/a><\/li><li class=\"page_item page-item-64 page_item_has_children\"><a href=\"https:\/\/satchel.eu\/pt\/empresas\/\">Conta empresarial<\/a><ul class='children'><li class=\"page_item page-item-5499\"><a href=\"https:\/\/satchel.eu\/pt\/empresas\/conta-multimoeda\/\">Conta multimoeda<\/a><\/li><\/ul><\/li><li class=\"page_item page-item-2965\"><a href=\"https:\/\/satchel.eu\/pt\/freelancer\/\">Conta freelancer<\/a><\/li><li class=\"page_item page-item-5572\"><a href=\"https:\/\/satchel.eu\/pt\/conta-multimoeda\/\">Conta multimoeda<\/a><\/li><li class=\"page_item page-item-130 page_item_has_children\"><a href=\"https:\/\/satchel.eu\/pt\/particulares\/\">Conta pessoal<\/a><ul class='children'><li class=\"page_item page-item-5506\"><a href=\"https:\/\/satchel.eu\/pt\/particulares\/conta-multimoeda\/\">Conta multimoeda<\/a><\/li><\/ul><\/li><li class=\"page_item page-item-92\"><a href=\"https:\/\/satchel.eu\/pt\/contacte-nos\/\">Contacte-nos<\/a><\/li><li class=\"page_item page-item-5262 page_item_has_children\"><a href=\"https:\/\/satchel.eu\/pt\/api-access-request\/\">eAPI Questionnaire<\/a><ul class='children'><li class=\"page_item page-item-5265\"><a href=\"https:\/\/satchel.eu\/pt\/api-access-request\/success\/\">Success<\/a><\/li><\/ul><\/li><li class=\"page_item page-item-79\"><a href=\"https:\/\/satchel.eu\/pt\/em-breve\/\">Em breve<\/a><\/li><li class=\"page_item page-item-1570\"><a href=\"https:\/\/satchel.eu\/pt\/formulario-de-reclamacao\/\">Formul\u00e1rio de reclama\u00e7\u00e3o do cliente<\/a><\/li><li class=\"page_item page-item-15\"><a href=\"https:\/\/satchel.eu\/pt\/\">Home<\/a><\/li><li class=\"page_item page-item-151\"><a href=\"https:\/\/satchel.eu\/pt\/iban-unico\/\">IBAN \u00danico<\/a><\/li><li class=\"page_item page-item-127\"><a href=\"https:\/\/satchel.eu\/pt\/infraestrutura-de-pagamentos\/\">Infraestrutura de pagamentos<\/a><\/li><li class=\"page_item page-item-132\"><a href=\"https:\/\/satchel.eu\/pt\/kit-de-imprensa\/\">Kit de imprensa<\/a><\/li><li class=\"page_item page-item-1549\"><a href=\"https:\/\/satchel.eu\/pt\/limits\/\">Limits<\/a><\/li><li class=\"page_item page-item-2519\"><a href=\"https:\/\/satchel.eu\/pt\/makemoney\/\">Makemoney<\/a><\/li><li class=\"page_item page-item-792 page_item_has_children\"><a href=\"https:\/\/satchel.eu\/pt\/beneficios-mastercard\/\">Mastercard Benefits<\/a><ul class='children'><li class=\"page_item page-item-824\"><a href=\"https:\/\/satchel.eu\/pt\/beneficios-mastercard\/allsole\/\">AllSole<\/a><\/li><li class=\"page_item page-item-811\"><a href=\"https:\/\/satchel.eu\/pt\/beneficios-mastercard\/booking-com\/\">Booking.com<\/a><\/li><li class=\"page_item page-item-2725\"><a href=\"https:\/\/satchel.eu\/pt\/beneficios-mastercard\/coggles\/\">COGGLES<\/a><\/li><li class=\"page_item page-item-813\"><a href=\"https:\/\/satchel.eu\/pt\/beneficios-mastercard\/disneyland-paris\/\">Disneyland Paris<\/a><\/li><li class=\"page_item page-item-828\"><a href=\"https:\/\/satchel.eu\/pt\/beneficios-mastercard\/heathrow-express\/\">Heathrow Express<\/a><\/li><li class=\"page_item page-item-830\"><a href=\"https:\/\/satchel.eu\/pt\/beneficios-mastercard\/hotels-com\/\">Hotels.com<\/a><\/li><li class=\"page_item page-item-815\"><a href=\"https:\/\/satchel.eu\/pt\/beneficios-mastercard\/iwoot\/\">IWOOT<\/a><\/li><li class=\"page_item page-item-819\"><a href=\"https:\/\/satchel.eu\/pt\/beneficios-mastercard\/lookfantastic\/\">LOOKFANTASTIC<\/a><\/li><li class=\"page_item page-item-821\"><a href=\"https:\/\/satchel.eu\/pt\/beneficios-mastercard\/mankind\/\">MANKIND<\/a><\/li><li class=\"page_item page-item-2727\"><a href=\"https:\/\/satchel.eu\/pt\/beneficios-mastercard\/mybag\/\">MyBag<\/a><\/li><li class=\"page_item page-item-807\"><a href=\"https:\/\/satchel.eu\/pt\/beneficios-mastercard\/preferred-hotels-and-resorts\/\">Preferred Hotels &#038; Resorts<\/a><\/li><li class=\"page_item page-item-817\"><a href=\"https:\/\/satchel.eu\/pt\/beneficios-mastercard\/the-hut\/\">THE HUT<\/a><\/li><li class=\"page_item page-item-796\"><a href=\"https:\/\/satchel.eu\/pt\/beneficios-mastercard\/yoox\/\">YOOX.com<\/a><\/li><li class=\"page_item page-item-826\"><a href=\"https:\/\/satchel.eu\/pt\/beneficios-mastercard\/zavvi\/\">zavvi<\/a><\/li><\/ul><\/li><li class=\"page_item page-item-116\"><a href=\"https:\/\/satchel.eu\/pt\/news\/\">News<\/a><\/li><li class=\"page_item page-item-1573\"><a href=\"https:\/\/satchel.eu\/pt\/new-missing-credit\/\">Novo cr\u00e9dito em falta<\/a><\/li><li class=\"page_item page-item-3419\"><a href=\"https:\/\/satchel.eu\/pt\/open-account\/\">Open Account<\/a><\/li><li class=\"page_item page-item-109\"><a href=\"https:\/\/satchel.eu\/pt\/clientes-institucionais\/\">Para clientes institucionais<\/a><\/li><li class=\"page_item page-item-118\"><a href=\"https:\/\/satchel.eu\/pt\/parceria\/\">Parceria<\/a><\/li><li class=\"page_item page-item-665\"><a href=\"https:\/\/satchel.eu\/pt\/infraestrutura-de-pagamentos-para-china\/\">Payment infrastructure for China<\/a><\/li><li class=\"page_item page-item-99 page_item_has_children\"><a href=\"https:\/\/satchel.eu\/pt\/faq\/\">Perguntas Frequentes<\/a><ul class='children'><li class=\"page_item page-item-560\"><a href=\"https:\/\/satchel.eu\/pt\/faq\/cartoes-satchel\/\">Cart\u00f5es Satchel<\/a><\/li><li class=\"page_item page-item-543\"><a href=\"https:\/\/satchel.eu\/pt\/faq\/conta-corrente-satchel\/\">Conta corrente Satchel<\/a><\/li><li class=\"page_item page-item-3949\"><a href=\"https:\/\/satchel.eu\/pt\/faq\/extrato-e-recibo\/\">Extrato da conta e recibo da transa\u00e7\u00e3o<\/a><\/li><li class=\"page_item page-item-101\"><a href=\"https:\/\/satchel.eu\/pt\/faq\/informacoes-gerais\/\">Informa\u00e7\u00f5es gerais<\/a><\/li><li class=\"page_item page-item-553\"><a href=\"https:\/\/satchel.eu\/pt\/faq\/login-e-palavra-passe\/\">Login e palavra-passe<\/a><\/li><li class=\"page_item page-item-557\"><a href=\"https:\/\/satchel.eu\/pt\/faq\/pagamentos-e-transacoes\/\">Pagamentos e transa\u00e7\u00f5es<\/a><\/li><li class=\"page_item page-item-2068\"><a href=\"https:\/\/satchel.eu\/pt\/faq\/sepa-guia-completo\/\">SEPA: O guia definitivo<\/a><\/li><\/ul><\/li><li class=\"page_item page-item-4708\"><a href=\"https:\/\/satchel.eu\/pt\/politically-exposed-person\/\">Politically exposed person<\/a><\/li><li class=\"page_item page-item-135\"><a href=\"https:\/\/satchel.eu\/pt\/privacy-policy\/\">Privacy Policy<\/a><\/li><li class=\"page_item page-item-2790\"><a href=\"https:\/\/satchel.eu\/pt\/proud-to-be-ukrainian\/\">Proud to be Ukrainian<\/a><\/li><li class=\"page_item page-item-139\"><a href=\"https:\/\/satchel.eu\/pt\/provisions-of-using-payment-cards\/\">Provisions of using payment cards<\/a><\/li><li class=\"page_item page-item-1544\"><a href=\"https:\/\/satchel.eu\/pt\/rules-on-investigation-of-complaints-satchel\/\">Rules on investigation of complaints Satchel<\/a><\/li><li class=\"page_item page-item-6574\"><a href=\"https:\/\/satchel.eu\/pt\/satchel-services-quick-select\/\">Satchel services<\/a><\/li><li class=\"page_item page-item-141\"><a href=\"https:\/\/satchel.eu\/pt\/seguranca\/\">Seguran\u00e7a<\/a><\/li><li class=\"page_item page-item-4598\"><a href=\"https:\/\/satchel.eu\/pt\/new-account-options\/\">Sepa Swift Selector<\/a><\/li><li class=\"page_item page-item-43\"><a href=\"https:\/\/satchel.eu\/pt\/sobre-nos\/\">Sobre n\u00f3s<\/a><\/li><li class=\"page_item page-item-145\"><a href=\"https:\/\/satchel.eu\/pt\/software-como-servico\/\">Software como servi\u00e7o (SaaS)<\/a><\/li><li class=\"page_item page-item-1686\"><a href=\"https:\/\/satchel.eu\/pt\/sub-account-request-form\/\">Sub account request Form<\/a><\/li><li class=\"page_item page-item-4514\"><a href=\"https:\/\/satchel.eu\/pt\/supported-countries\/\">Supported Countries<\/a><\/li><li class=\"page_item page-item-103\"><a href=\"https:\/\/satchel.eu\/pt\/comissoes\/\">Taxas<\/a><\/li><li class=\"page_item page-item-1652\"><a href=\"https:\/\/satchel.eu\/pt\/taxas-de-cambio-atm-pos\/\">Taxas de c\u00e2mbio ATM\/POS da Satchel<\/a><\/li><li class=\"page_item page-item-149\"><a href=\"https:\/\/satchel.eu\/pt\/terms-and-conditions\/\">Terms &#038; Conditions<\/a><\/li><li class=\"page_item page-item-4661\"><a href=\"https:\/\/satchel.eu\/pt\/transferencias-instantaneas-sepa\/\">Transfer\u00eancias instant\u00e2neas SEPA<\/a><\/li><li class=\"page_item page-item-5543\"><a href=\"https:\/\/satchel.eu\/pt\/unique-swift-multi-currency-personal-accounts-promo-2024\/\">Unique Swift Multi-Currency Personal Accounts<\/a><\/li><li class=\"page_item page-item-6080 page_item_has_children\"><a href=\"https:\/\/satchel.eu\/pt\/usecases\/\">Usecases<\/a><ul class='children'><li class=\"page_item page-item-6082\"><a href=\"https:\/\/satchel.eu\/pt\/usecases\/accounts-for-igaming-business\/\">Accounts for regulated iGaming businesses<\/a><\/li><li class=\"page_item page-item-6457\"><a href=\"https:\/\/satchel.eu\/pt\/usecases\/earn-instant-commissions-with-our-introducer-program\/\">Earn instant commissions with our Introducer Program<\/a><\/li><li class=\"page_item page-item-6885\"><a href=\"https:\/\/satchel.eu\/pt\/usecases\/white-label\/\">White label<\/a><\/li><\/ul><\/li><li class=\"page_item page-item-2840\"><a href=\"https:\/\/satchel.eu\/pt\/list-of-documents-for-private-account-ua\/\">\u041f\u0435\u0440\u0435\u043b\u0456\u043a \u0434\u043e\u043a\u0443\u043c\u0435\u043d\u0442\u0456\u0432, \u043d\u0435\u043e\u0431\u0445\u0456\u0434\u043d\u0438\u0445 \u0434\u043b\u044f \u0432\u0456\u0434\u043a\u0440\u0438\u0442\u0442\u044f \u043e\u0441\u043e\u0431\u043e\u0432\u043e\u0433\u043e \u0440\u0430\u0445\u0443\u043d\u043a\u0443<\/a><\/li><\/ul><h2>Artigos<\/h2><p>Sorry, no posts matched your criteria.<\/p>\r\n      <\/div>\r\n    <\/div>\r\n  <\/div>\r\n<\/section>\r\n","protected":false},"excerpt":{"rendered":"Sitemap","protected":false},"author":5,"featured_media":0,"parent":0,"menu_order":0,"comment_status":"closed","ping_status":"closed","template":"","meta":{"_acf_changed":false,"footnotes":""},"class_list":["post-1541","page","type-page","status-publish","hentry"],"acf":[],"yoast_head":"<!-- This site is optimized with the Yoast SEO plugin v22.0 - https:\/\/yoast.com\/wordpress\/plugins\/seo\/ -->\n<title>Sitemap | Satchel.eu<\/title>\n<meta name=\"description\" content=\"Use the Satchel sitemap to help you move around our website.\" \/>\n<meta name=\"robots\" content=\"index, follow, max-snippet:-1, max-image-preview:large, max-video-preview:-1\" \/>\n<link rel=\"canonical\" href=\"https:\/\/satchel.eu\/pt\/sitemap\/\" \/>\n<meta property=\"og:locale\" content=\"pt_PT\" \/>\n<meta property=\"og:type\" content=\"article\" \/>\n<meta property=\"og:title\" content=\"Sitemap | Satchel.eu\" \/>\n<meta property=\"og:description\" content=\"Use the Satchel sitemap to help you move around our website.\" \/>\n<meta property=\"og:url\" content=\"https:\/\/satchel.eu\/pt\/sitemap\/\" \/>\n<meta property=\"og:site_name\" content=\"Satchel\" \/>\n<meta property=\"article:modified_time\" content=\"2023-10-04T12:10:50+00:00\" \/>\n<meta name=\"twitter:card\" content=\"summary_large_image\" \/>\n<meta name=\"twitter:label1\" content=\"Est. reading time\" \/>\n\t<meta name=\"twitter:data1\" content=\"1 minuto\" \/>\n<script type=\"application\/ld+json\" class=\"yoast-schema-graph\">{\"@context\":\"https:\/\/schema.org\",\"@graph\":[{\"@type\":\"WebPage\",\"@id\":\"https:\/\/satchel.eu\/pt\/sitemap\/\",\"url\":\"https:\/\/satchel.eu\/pt\/sitemap\/\",\"name\":\"Sitemap | Satchel.eu\",\"isPartOf\":{\"@id\":\"https:\/\/satchel.eu\/pt\/#website\"},\"datePublished\":\"2021-04-07T08:06:45+00:00\",\"dateModified\":\"2023-10-04T12:10:50+00:00\",\"description\":\"Use the Satchel sitemap to help you move around our website.\",\"breadcrumb\":{\"@id\":\"https:\/\/satchel.eu\/pt\/sitemap\/#breadcrumb\"},\"inLanguage\":\"pt-PT\",\"potentialAction\":[{\"@type\":\"ReadAction\",\"target\":[\"https:\/\/satchel.eu\/pt\/sitemap\/\"]}]},{\"@type\":\"BreadcrumbList\",\"@id\":\"https:\/\/satchel.eu\/pt\/sitemap\/#breadcrumb\",\"itemListElement\":[{\"@type\":\"ListItem\",\"position\":1,\"name\":\"Satchel\",\"item\":\"https:\/\/satchel.eu\/pt\/\"},{\"@type\":\"ListItem\",\"position\":2,\"name\":\"Sitemap\"}]},{\"@type\":\"WebSite\",\"@id\":\"https:\/\/satchel.eu\/pt\/#website\",\"url\":\"https:\/\/satchel.eu\/pt\/\",\"name\":\"Satchel\",\"description\":\"Your money management solution\",\"publisher\":{\"@id\":\"https:\/\/satchel.eu\/pt\/#organization\"},\"potentialAction\":[{\"@type\":\"SearchAction\",\"target\":{\"@type\":\"EntryPoint\",\"urlTemplate\":\"https:\/\/satchel.eu\/pt\/?s={search_term_string}\"},\"query-input\":\"required name=search_term_string\"}],\"inLanguage\":\"pt-PT\"},{\"@type\":\"Organization\",\"@id\":\"https:\/\/satchel.eu\/pt\/#organization\",\"name\":\"Satchel\",\"url\":\"https:\/\/satchel.eu\/pt\/\",\"logo\":{\"@type\":\"ImageObject\",\"inLanguage\":\"pt-PT\",\"@id\":\"https:\/\/satchel.eu\/pt\/#\/schema\/logo\/image\/\",\"url\":\"https:\/\/satchel.eu\/pt\/wp-content\/uploads\/sites\/9\/2021\/05\/logo-black.jpg\",\"contentUrl\":\"https:\/\/satchel.eu\/pt\/wp-content\/uploads\/sites\/9\/2021\/05\/logo-black.jpg\",\"width\":135,\"height\":32,\"caption\":\"Satchel\"},\"image\":{\"@id\":\"https:\/\/satchel.eu\/pt\/#\/schema\/logo\/image\/\"}}]}<\/script>\n<!-- \/ Yoast SEO plugin. -->","yoast_head_json":{"title":"Sitemap | Satchel.eu","description":"Use the Satchel sitemap to help you move around our website.","robots":{"index":"index","follow":"follow","max-snippet":"max-snippet:-1","max-image-preview":"max-image-preview:large","max-video-preview":"max-video-preview:-1"},"canonical":"https:\/\/satchel.eu\/pt\/sitemap\/","og_locale":"pt_PT","og_type":"article","og_title":"Sitemap | Satchel.eu","og_description":"Use the Satchel sitemap to help you move around our website.","og_url":"https:\/\/satchel.eu\/pt\/sitemap\/","og_site_name":"Satchel","article_modified_time":"2023-10-04T12:10:50+00:00","twitter_card":"summary_large_image","twitter_misc":{"Est. reading time":"1 minuto"},"schema":{"@context":"https:\/\/schema.org","@graph":[{"@type":"WebPage","@id":"https:\/\/satchel.eu\/pt\/sitemap\/","url":"https:\/\/satchel.eu\/pt\/sitemap\/","name":"Sitemap | Satchel.eu","isPartOf":{"@id":"https:\/\/satchel.eu\/pt\/#website"},"datePublished":"2021-04-07T08:06:45+00:00","dateModified":"2023-10-04T12:10:50+00:00","description":"Use the Satchel sitemap to help you move around our website.","breadcrumb":{"@id":"https:\/\/satchel.eu\/pt\/sitemap\/#breadcrumb"},"inLanguage":"pt-PT","potentialAction":[{"@type":"ReadAction","target":["https:\/\/satchel.eu\/pt\/sitemap\/"]}]},{"@type":"BreadcrumbList","@id":"https:\/\/satchel.eu\/pt\/sitemap\/#breadcrumb","itemListElement":[{"@type":"ListItem","position":1,"name":"Satchel","item":"https:\/\/satchel.eu\/pt\/"},{"@type":"ListItem","position":2,"name":"Sitemap"}]},{"@type":"WebSite","@id":"https:\/\/satchel.eu\/pt\/#website","url":"https:\/\/satchel.eu\/pt\/","name":"Satchel","description":"Your money management solution","publisher":{"@id":"https:\/\/satchel.eu\/pt\/#organization"},"potentialAction":[{"@type":"SearchAction","target":{"@type":"EntryPoint","urlTemplate":"https:\/\/satchel.eu\/pt\/?s={search_term_string}"},"query-input":"required name=search_term_string"}],"inLanguage":"pt-PT"},{"@type":"Organization","@id":"https:\/\/satchel.eu\/pt\/#organization","name":"Satchel","url":"https:\/\/satchel.eu\/pt\/","logo":{"@type":"ImageObject","inLanguage":"pt-PT","@id":"https:\/\/satchel.eu\/pt\/#\/schema\/logo\/image\/","url":"https:\/\/satchel.eu\/pt\/wp-content\/uploads\/sites\/9\/2021\/05\/logo-black.jpg","contentUrl":"https:\/\/satchel.eu\/pt\/wp-content\/uploads\/sites\/9\/2021\/05\/logo-black.jpg","width":135,"height":32,"caption":"Satchel"},"image":{"@id":"https:\/\/satchel.eu\/pt\/#\/schema\/logo\/image\/"}}]}},"_links":{"self":[{"href":"https:\/\/satchel.eu\/pt\/wp-json\/wp\/v2\/pages\/1541","targetHints":{"allow":["GET"]}}],"collection":[{"href":"https:\/\/satchel.eu\/pt\/wp-json\/wp\/v2\/pages"}],"about":[{"href":"https:\/\/satchel.eu\/pt\/wp-json\/wp\/v2\/types\/page"}],"author":[{"embeddable":true,"href":"https:\/\/satchel.eu\/pt\/wp-json\/wp\/v2\/users\/5"}],"replies":[{"embeddable":true,"href":"https:\/\/satchel.eu\/pt\/wp-json\/wp\/v2\/comments?post=1541"}],"version-history":[{"count":10,"href":"https:\/\/satchel.eu\/pt\/wp-json\/wp\/v2\/pages\/1541\/revisions"}],"predecessor-version":[{"id":4904,"href":"https:\/\/satchel.eu\/pt\/wp-json\/wp\/v2\/pages\/1541\/revisions\/4904"}],"wp:attachment":[{"href":"https:\/\/satchel.eu\/pt\/wp-json\/wp\/v2\/media?parent=1541"}],"curies":[{"name":"wp","href":"https:\/\/api.w.org\/{rel}","templated":true}]}}