{"id":1652,"date":"2021-04-12T12:28:51","date_gmt":"2021-04-12T09:28:51","guid":{"rendered":"https:\/\/satchel.eu\/?page_id=1652"},"modified":"2025-12-08T14:38:31","modified_gmt":"2025-12-08T12:38:31","slug":"taxas-de-cambio-atm-pos","status":"publish","type":"page","link":"https:\/\/satchel.eu\/pt\/taxas-de-cambio-atm-pos\/","title":{"rendered":"Taxas de c\u00e2mbio ATM\/POS da Satchel"},"content":{"rendered":"<section class=\"section pt-45 pt-md-70\">\r\n  <div class=\"container\">\r\n    <div class=\"row\">\r\n      <div class=\"col-lg-12 mx-auto\">\r\n        <h1 class=\"text-center mb-50\">Taxas de c\u00e2mbio ATM\/POS da Satchel<\/h1>\r\n      <\/div>\r\n    <\/div>\r\n    <div class=\"row\">\r\n      <div class=\"col-lg-12 mx-auto\">\r\n        <p>O Regulamento (UE) n.\u00ba 518\/2019 da Uni\u00e3o Europeia (UE) visa aumentar a transpar\u00eancia dos custos de convers\u00e3o monet\u00e1ria para pagamentos com cart\u00e3o nos pa\u00edses do EEE.<\/p>\r\n        <p>Os emissores dos pa\u00edses do EEE devem publicar no seu site a diferen\u00e7a percentual entre as seguintes taxas:<\/p>\r\n        \r\n        <div class=\"fees-table fees-table--card mb-30\">\r\n          <div class=\"fees-table__overflow\">\r\n            <table>\r\n              <tr>\r\n                <th class=\"text-left\" align=\"left\" valign=\"middle\">Plano tarif\u00e1rio<\/th>\r\n                <th class=\"text-right\" align=\"right\" valign=\"middle\">Taxa de acr\u00e9scimo<\/th>\r\n              <\/tr>\r\n              <tr>\r\n                <td align=\"left\" valign=\"middle\">Orgulho em ser Lituano<\/td>\r\n                <td align=\"right\" valign=\"middle\">1%<\/td>\r\n              <\/tr>\r\n              <tr>\r\n                <td align=\"left\" valign=\"middle\">Utilizador regular<\/td>\r\n                <td align=\"right\" valign=\"middle\">1%<\/td>\r\n              <\/tr>\r\n              <tr>\r\n                <td align=\"left\" valign=\"middle\">Utilizador ativo\/viajante<\/td>\r\n                <td align=\"right\" valign=\"middle\">1%<\/td>\r\n              <\/tr>\r\n              <tr>\r\n                <td align=\"left\" valign=\"middle\">Pequenas\/m\u00e9dias empresas<\/td>\r\n                <td align=\"right\" valign=\"middle\">1%<\/td>\r\n              <\/tr>\r\n              <tr>\r\n                <td align=\"left\" valign=\"middle\">Qualquer tarifa personalizada (WL)<\/td>\r\n                <td align=\"right\" valign=\"middle\">1%<\/td>\r\n              <\/tr>\r\n            <\/table>\r\n          <\/div>\r\n        <\/div>\r\n        <p>As respetivas \u00faltimas taxas de c\u00e2mbio de refer\u00eancia do euro (do Banco Central Europeu) publicadas. As taxas de c\u00e2mbio de refer\u00eancia do euro s\u00e3o publicadas pelo BCE no seu website e em servi\u00e7os de not\u00edcias selecionados por volta das 16h00 CET.<\/p>\r\n        <p>Taxa de c\u00e2mbio de refer\u00eancia do euro pelo BCE:<\/p>\r\n        \r\n        <div class=\"fees-table fees-table--card mb-30\">\r\n          <div class=\"fees-table__overflow\">\r\n            <table>\r\n              <tr>\r\n                <th class=\"text-left\" align=\"left\" valign=\"middle\">Moeda<\/th>\r\n                <th class=\"text-right\" align=\"right\" valign=\"middle\">Spot<\/th>\r\n              <\/tr>\r\n              <tr>\r\n                <td align=\"left\" valign=\"middle\">D\u00f3lar americano<\/td>\r\n                <td align=\"right\" valign=\"middle\">1.2136<\/td>\r\n              <\/tr>\r\n              <tr>\r\n                <td align=\"left\" valign=\"middle\">Iene japon\u00eas<\/td>\r\n                <td align=\"right\" valign=\"middle\">127.05<\/td>\r\n              <\/tr>\r\n              <tr>\r\n                <td align=\"left\" valign=\"middle\">Lev b\u00falgaro<\/td>\r\n                <td align=\"right\" valign=\"middle\">1.9558<\/td>\r\n              <\/tr>\r\n              <tr>\r\n                <td align=\"left\" valign=\"middle\">Coroa checa<\/td>\r\n                <td align=\"right\" valign=\"middle\">26.020<\/td>\r\n              <\/tr>\r\n              <tr>\r\n                <td align=\"left\" valign=\"middle\">Coroa dinamarquesa<\/td>\r\n                <td align=\"right\" valign=\"middle\">7.4370<\/td>\r\n              <\/tr>\r\n              <tr>\r\n                <td align=\"left\" valign=\"middle\">Libra esterlina<\/td>\r\n                <td align=\"right\" valign=\"middle\">0.88383<\/td>\r\n              <\/tr>\r\n              <tr>\r\n                <td align=\"left\" valign=\"middle\">Forint h\u00fangaro<\/td>\r\n                <td align=\"right\" valign=\"middle\">358.39<\/td>\r\n              <\/tr>\r\n              <tr>\r\n                <td align=\"left\" valign=\"middle\">Zloty polaco<\/td>\r\n                <td align=\"right\" valign=\"middle\">4.5304<\/td>\r\n              <\/tr>\r\n              <tr>\r\n                <td align=\"left\" valign=\"middle\">Leu romeno<\/td>\r\n                <td align=\"right\" valign=\"middle\">4.8750<\/td>\r\n              <\/tr>\r\n              <tr>\r\n                <td align=\"left\" valign=\"middle\">Coroa sueca<\/td>\r\n                <td align=\"right\" valign=\"middle\">10.1110<\/td>\r\n              <\/tr>\r\n              <tr>\r\n                <td align=\"left\" valign=\"middle\">Franco su\u00ed\u00e7o<\/td>\r\n                <td align=\"right\" valign=\"middle\">1.0798<\/td>\r\n              <\/tr>\r\n              <tr>\r\n                <td align=\"left\" valign=\"middle\">Coroa islandesa<\/td>\r\n                <td align=\"right\" valign=\"middle\">156.10<\/td>\r\n              <\/tr>\r\n              <tr>\r\n                <td align=\"left\" valign=\"middle\">Coroa norueguesa<\/td>\r\n                <td align=\"right\" valign=\"middle\">10.3430<\/td>\r\n              <\/tr>\r\n              <!-- <tr>\r\n                <td align=\"left\" valign=\"middle\">Croatian kuna<\/td>\r\n                <td align=\"right\" valign=\"middle\">7.5658<\/td>\r\n              <\/tr> -->\r\n              <!--<tr>\r\n                <td align=\"left\" valign=\"middle\">Russian rouble<\/td>\r\n                <td align=\"right\" valign=\"middle\">91.8979<\/td>\r\n              <\/tr>-->\r\n              <tr>\r\n                <td align=\"left\" valign=\"middle\">Lira turca<\/td>\r\n                <td align=\"right\" valign=\"middle\">8.8772<\/td>\r\n              <\/tr>\r\n              <tr>\r\n                <td align=\"left\" valign=\"middle\">D\u00f3lar australiano<\/td>\r\n                <td align=\"right\" valign=\"middle\">1.5819<\/td>\r\n              <\/tr>\r\n              <tr>\r\n                <td align=\"left\" valign=\"middle\">Real brasileiro<\/td>\r\n                <td align=\"right\" valign=\"middle\">6.6568<\/td>\r\n              <\/tr>\r\n              <tr>\r\n                <td align=\"left\" valign=\"middle\">D\u00f3lar canadiano<\/td>\r\n                <td align=\"right\" valign=\"middle\">1.5520<\/td>\r\n              <\/tr>\r\n              <tr>\r\n                <td align=\"left\" valign=\"middle\">Yuan renminbi chin\u00eas<\/td>\r\n                <td align=\"right\" valign=\"middle\">7.8047<\/td>\r\n              <\/tr>\r\n              <tr>\r\n                <td align=\"left\" valign=\"middle\">D\u00f3lar de Hong Kong<\/td>\r\n                <td align=\"right\" valign=\"middle\">9.4093<\/td>\r\n              <\/tr>\r\n              <tr>\r\n                <td align=\"left\" valign=\"middle\">Rupia indon\u00e9sia<\/td>\r\n                <td align=\"right\" valign=\"middle\">16994.16<\/td>\r\n              <\/tr>\r\n              <tr>\r\n                <td align=\"left\" valign=\"middle\">Shekel israelita<\/td>\r\n                <td align=\"right\" valign=\"middle\">3.9814<\/td>\r\n              <\/tr>\r\n              <tr>\r\n                <td align=\"left\" valign=\"middle\">R\u00fapia indiana<\/td>\r\n                <td align=\"right\" valign=\"middle\">88.4320<\/td>\r\n              <\/tr>\r\n              <tr>\r\n                <td align=\"left\" valign=\"middle\">Won sul-coreano<\/td>\r\n                <td align=\"right\" valign=\"middle\">1354.98<\/td>\r\n              <\/tr>\r\n              <tr>\r\n                <td align=\"left\" valign=\"middle\">Peso mexicano<\/td>\r\n                <td align=\"right\" valign=\"middle\">24.5417<\/td>\r\n              <\/tr>\r\n              <tr>\r\n                <td align=\"left\" valign=\"middle\">Ringgit malaio<\/td>\r\n                <td align=\"right\" valign=\"middle\">4.9060<\/td>\r\n              <\/tr>\r\n              <tr>\r\n                <td align=\"left\" valign=\"middle\">D\u00f3lar neozeland\u00eas<\/td>\r\n                <td align=\"right\" valign=\"middle\">1.6863<\/td>\r\n              <\/tr>\r\n              <tr>\r\n                <td align=\"left\" valign=\"middle\">Peso filipino<\/td>\r\n                <td align=\"right\" valign=\"middle\">58.333<\/td>\r\n              <\/tr>\r\n              <tr>\r\n                <td align=\"left\" valign=\"middle\">D\u00f3lar de Singapura<\/td>\r\n                <td align=\"right\" valign=\"middle\">1.6121<\/td>\r\n              <\/tr>\r\n              <tr>\r\n                <td align=\"left\" valign=\"middle\">Baht tailand\u00eas<\/td>\r\n                <td align=\"right\" valign=\"middle\">36.287<\/td>\r\n              <\/tr>\r\n              <tr>\r\n                <td align=\"left\" valign=\"middle\">Rand sul-africano<\/td>\r\n                <td align=\"right\" valign=\"middle\">18.3058<\/td>\r\n              <\/tr>\r\n            <\/table>\r\n          <\/div>\r\n        <\/div>\r\n\r\n        <div class=\"fees-notes mt-30 text-center\">\r\n          <a href=\"https:\/\/www.ecb.europa.eu\/stats\/pdf\/exchange\/Frameworkfortheeuroforeignexchangereferencerates.en.pdf?c883afa875c74877fdf4634dcb85688c\" target=\"_blank\" rel=\"noopener noreferrer\" class=\"p-sm2 mb-0\">Informa\u00e7\u00e3o \u00fatil: Quadro para as taxas de c\u00e2mbio de refer\u00eancia do euro<\/a>\r\n        <\/div>\r\n        \r\n      <\/div>\r\n    <\/div>\r\n  <\/div>\r\n<\/section>","protected":false},"excerpt":{"rendered":"Taxas de c\u00e2mbio ATM\/POS da Satchel O Regulamento (UE) n.\u00ba 518\/2019 da Uni\u00e3o Europeia (UE) visa aumentar a transpar\u00eancia dos custos de convers\u00e3o monet\u00e1ria para pagamentos com cart\u00e3o nos pa\u00edses do EEE. Os emissores dos pa\u00edses do EEE devem publicar no seu site a diferen\u00e7a percentual entre as seguintes taxas: Plano tarif\u00e1rio Taxa de acr\u00e9scimo&#8230;","protected":false},"author":5,"featured_media":0,"parent":0,"menu_order":0,"comment_status":"closed","ping_status":"closed","template":"","meta":{"_acf_changed":false,"footnotes":""},"class_list":["post-1652","page","type-page","status-publish","hentry"],"acf":[],"yoast_head":"<!-- This site is optimized with the Yoast SEO plugin v22.0 - https:\/\/yoast.com\/wordpress\/plugins\/seo\/ -->\n<title>Taxas de Cambio ATM POS - Satchel<\/title>\n<meta name=\"description\" content=\"Descubra as taxas de c\u00e2mbio nas suas transa\u00e7\u00f5es em caixas eletr\u00f4nicos e terminais POS.\" \/>\n<meta name=\"robots\" content=\"index, follow, max-snippet:-1, max-image-preview:large, max-video-preview:-1\" \/>\n<link rel=\"canonical\" href=\"https:\/\/satchel.eu\/pt\/taxas-de-cambio-atm-pos\/\" \/>\n<meta property=\"og:locale\" content=\"pt_PT\" \/>\n<meta property=\"og:type\" content=\"article\" \/>\n<meta property=\"og:title\" content=\"Taxas de Cambio ATM POS - Satchel\" \/>\n<meta property=\"og:description\" content=\"Descubra as taxas de c\u00e2mbio nas suas transa\u00e7\u00f5es em caixas eletr\u00f4nicos e terminais POS.\" \/>\n<meta property=\"og:url\" content=\"https:\/\/satchel.eu\/pt\/taxas-de-cambio-atm-pos\/\" \/>\n<meta property=\"og:site_name\" content=\"Satchel\" \/>\n<meta property=\"article:modified_time\" content=\"2025-12-08T12:38:31+00:00\" \/>\n<meta name=\"twitter:card\" content=\"summary_large_image\" \/>\n<meta name=\"twitter:label1\" content=\"Est. reading time\" \/>\n\t<meta name=\"twitter:data1\" content=\"2 minutos\" \/>\n<script type=\"application\/ld+json\" class=\"yoast-schema-graph\">{\"@context\":\"https:\/\/schema.org\",\"@graph\":[{\"@type\":\"WebPage\",\"@id\":\"https:\/\/satchel.eu\/pt\/taxas-de-cambio-atm-pos\/\",\"url\":\"https:\/\/satchel.eu\/pt\/taxas-de-cambio-atm-pos\/\",\"name\":\"Taxas de Cambio ATM POS - Satchel\",\"isPartOf\":{\"@id\":\"https:\/\/satchel.eu\/pt\/#website\"},\"datePublished\":\"2021-04-12T09:28:51+00:00\",\"dateModified\":\"2025-12-08T12:38:31+00:00\",\"description\":\"Descubra as taxas de c\u00e2mbio nas suas transa\u00e7\u00f5es em caixas eletr\u00f4nicos e terminais POS.\",\"breadcrumb\":{\"@id\":\"https:\/\/satchel.eu\/pt\/taxas-de-cambio-atm-pos\/#breadcrumb\"},\"inLanguage\":\"pt-PT\",\"potentialAction\":[{\"@type\":\"ReadAction\",\"target\":[\"https:\/\/satchel.eu\/pt\/taxas-de-cambio-atm-pos\/\"]}]},{\"@type\":\"BreadcrumbList\",\"@id\":\"https:\/\/satchel.eu\/pt\/taxas-de-cambio-atm-pos\/#breadcrumb\",\"itemListElement\":[{\"@type\":\"ListItem\",\"position\":1,\"name\":\"Satchel\",\"item\":\"https:\/\/satchel.eu\/pt\/\"},{\"@type\":\"ListItem\",\"position\":2,\"name\":\"Taxas de c\u00e2mbio ATM\/POS da Satchel\"}]},{\"@type\":\"WebSite\",\"@id\":\"https:\/\/satchel.eu\/pt\/#website\",\"url\":\"https:\/\/satchel.eu\/pt\/\",\"name\":\"Satchel\",\"description\":\"Your money management solution\",\"publisher\":{\"@id\":\"https:\/\/satchel.eu\/pt\/#organization\"},\"potentialAction\":[{\"@type\":\"SearchAction\",\"target\":{\"@type\":\"EntryPoint\",\"urlTemplate\":\"https:\/\/satchel.eu\/pt\/?s={search_term_string}\"},\"query-input\":\"required name=search_term_string\"}],\"inLanguage\":\"pt-PT\"},{\"@type\":\"Organization\",\"@id\":\"https:\/\/satchel.eu\/pt\/#organization\",\"name\":\"Satchel\",\"url\":\"https:\/\/satchel.eu\/pt\/\",\"logo\":{\"@type\":\"ImageObject\",\"inLanguage\":\"pt-PT\",\"@id\":\"https:\/\/satchel.eu\/pt\/#\/schema\/logo\/image\/\",\"url\":\"https:\/\/satchel.eu\/pt\/wp-content\/uploads\/sites\/9\/2021\/05\/logo-black.jpg\",\"contentUrl\":\"https:\/\/satchel.eu\/pt\/wp-content\/uploads\/sites\/9\/2021\/05\/logo-black.jpg\",\"width\":135,\"height\":32,\"caption\":\"Satchel\"},\"image\":{\"@id\":\"https:\/\/satchel.eu\/pt\/#\/schema\/logo\/image\/\"}}]}<\/script>\n<!-- \/ Yoast SEO plugin. -->","yoast_head_json":{"title":"Taxas de Cambio ATM POS - Satchel","description":"Descubra as taxas de c\u00e2mbio nas suas transa\u00e7\u00f5es em caixas eletr\u00f4nicos e terminais POS.","robots":{"index":"index","follow":"follow","max-snippet":"max-snippet:-1","max-image-preview":"max-image-preview:large","max-video-preview":"max-video-preview:-1"},"canonical":"https:\/\/satchel.eu\/pt\/taxas-de-cambio-atm-pos\/","og_locale":"pt_PT","og_type":"article","og_title":"Taxas de Cambio ATM POS - Satchel","og_description":"Descubra as taxas de c\u00e2mbio nas suas transa\u00e7\u00f5es em caixas eletr\u00f4nicos e terminais POS.","og_url":"https:\/\/satchel.eu\/pt\/taxas-de-cambio-atm-pos\/","og_site_name":"Satchel","article_modified_time":"2025-12-08T12:38:31+00:00","twitter_card":"summary_large_image","twitter_misc":{"Est. reading time":"2 minutos"},"schema":{"@context":"https:\/\/schema.org","@graph":[{"@type":"WebPage","@id":"https:\/\/satchel.eu\/pt\/taxas-de-cambio-atm-pos\/","url":"https:\/\/satchel.eu\/pt\/taxas-de-cambio-atm-pos\/","name":"Taxas de Cambio ATM POS - Satchel","isPartOf":{"@id":"https:\/\/satchel.eu\/pt\/#website"},"datePublished":"2021-04-12T09:28:51+00:00","dateModified":"2025-12-08T12:38:31+00:00","description":"Descubra as taxas de c\u00e2mbio nas suas transa\u00e7\u00f5es em caixas eletr\u00f4nicos e terminais POS.","breadcrumb":{"@id":"https:\/\/satchel.eu\/pt\/taxas-de-cambio-atm-pos\/#breadcrumb"},"inLanguage":"pt-PT","potentialAction":[{"@type":"ReadAction","target":["https:\/\/satchel.eu\/pt\/taxas-de-cambio-atm-pos\/"]}]},{"@type":"BreadcrumbList","@id":"https:\/\/satchel.eu\/pt\/taxas-de-cambio-atm-pos\/#breadcrumb","itemListElement":[{"@type":"ListItem","position":1,"name":"Satchel","item":"https:\/\/satchel.eu\/pt\/"},{"@type":"ListItem","position":2,"name":"Taxas de c\u00e2mbio ATM\/POS da Satchel"}]},{"@type":"WebSite","@id":"https:\/\/satchel.eu\/pt\/#website","url":"https:\/\/satchel.eu\/pt\/","name":"Satchel","description":"Your money management solution","publisher":{"@id":"https:\/\/satchel.eu\/pt\/#organization"},"potentialAction":[{"@type":"SearchAction","target":{"@type":"EntryPoint","urlTemplate":"https:\/\/satchel.eu\/pt\/?s={search_term_string}"},"query-input":"required name=search_term_string"}],"inLanguage":"pt-PT"},{"@type":"Organization","@id":"https:\/\/satchel.eu\/pt\/#organization","name":"Satchel","url":"https:\/\/satchel.eu\/pt\/","logo":{"@type":"ImageObject","inLanguage":"pt-PT","@id":"https:\/\/satchel.eu\/pt\/#\/schema\/logo\/image\/","url":"https:\/\/satchel.eu\/pt\/wp-content\/uploads\/sites\/9\/2021\/05\/logo-black.jpg","contentUrl":"https:\/\/satchel.eu\/pt\/wp-content\/uploads\/sites\/9\/2021\/05\/logo-black.jpg","width":135,"height":32,"caption":"Satchel"},"image":{"@id":"https:\/\/satchel.eu\/pt\/#\/schema\/logo\/image\/"}}]}},"_links":{"self":[{"href":"https:\/\/satchel.eu\/pt\/wp-json\/wp\/v2\/pages\/1652","targetHints":{"allow":["GET"]}}],"collection":[{"href":"https:\/\/satchel.eu\/pt\/wp-json\/wp\/v2\/pages"}],"about":[{"href":"https:\/\/satchel.eu\/pt\/wp-json\/wp\/v2\/types\/page"}],"author":[{"embeddable":true,"href":"https:\/\/satchel.eu\/pt\/wp-json\/wp\/v2\/users\/5"}],"replies":[{"embeddable":true,"href":"https:\/\/satchel.eu\/pt\/wp-json\/wp\/v2\/comments?post=1652"}],"version-history":[{"count":9,"href":"https:\/\/satchel.eu\/pt\/wp-json\/wp\/v2\/pages\/1652\/revisions"}],"predecessor-version":[{"id":7034,"href":"https:\/\/satchel.eu\/pt\/wp-json\/wp\/v2\/pages\/1652\/revisions\/7034"}],"wp:attachment":[{"href":"https:\/\/satchel.eu\/pt\/wp-json\/wp\/v2\/media?parent=1652"}],"curies":[{"name":"wp","href":"https:\/\/api.w.org\/{rel}","templated":true}]}}