{"id":3949,"date":"2023-01-11T13:47:47","date_gmt":"2023-01-11T11:47:47","guid":{"rendered":"https:\/\/satchel.eu\/?page_id=3949"},"modified":"2025-12-29T15:41:09","modified_gmt":"2025-12-29T13:41:09","slug":"extrato-e-recibo","status":"publish","type":"page","link":"https:\/\/satchel.eu\/pt\/faq\/extrato-e-recibo\/","title":{"rendered":"Extrato da conta e recibo da transa\u00e7\u00e3o"},"content":{"rendered":"<section class=\"section\">\r\n  <div class=\"container\">\r\n    <div class=\"row\">\r\n      <div class=\"col-lg-10 mx-auto\">\r\n\r\n        <h1 class=\"mb-50\">Como descarregar o extrato da conta e o recibo da transa\u00e7\u00e3o?<\/h1>\r\n\r\n        <h2>Extrato da conta<\/h2>\r\n        <p class=\"p-md\">Cada cliente tem a op\u00e7\u00e3o de descarregar um extrato da sua conta espec\u00edfica, que mostra o fluxo das transa\u00e7\u00f5es durante o per\u00edodo selecionado.<\/p>\r\n        <p class=\"p-md\"><b>Passo 1. Navegue at\u00e9 ao separador Todas as contas no menu lateral<\/b><\/p>\r\n        <p class=\"p-md\">\r\n          <picture>\r\n            <source\r\n              srcset=\"data:image\/gif;base64,R0lGODlhAQABAAAAACH5BAEKAAEALAAAAAABAAEAAAICTAEAOw==\"\r\n              data-srcset=\"https:\/\/satchel.eu\/pt\/wp-content\/themes\/satchel\/public\/img\/webp\/faq\/account-statement-transaction-receipt\/img1-min.webp\"\r\n              type=\"image\/webp\" \/>\r\n            <source\r\n              srcset=\"data:image\/gif;base64,R0lGODlhAQABAAAAACH5BAEKAAEALAAAAAABAAEAAAICTAEAOw==\"\r\n              data-srcset=\"https:\/\/satchel.eu\/pt\/wp-content\/themes\/satchel\/public\/img\/faq\/account-statement-transaction-receipt\/img1-min.jpg\"\r\n              type=\"image\/jpg\" \/>\r\n            <img decoding=\"async\"\r\n              src=\"data:image\/gif;base64,R0lGODlhAQABAAAAACH5BAEKAAEALAAAAAABAAEAAAICTAEAOw==\"\r\n              data-src=\"https:\/\/satchel.eu\/pt\/wp-content\/themes\/satchel\/public\/img\/faq\/account-statement-transaction-receipt\/img1-min.jpg\"\r\n              width=\"768\" height=\"359\"\r\n              class=\"lazyload\"\r\n              alt=\"\" \/>\r\n          <\/picture>\r\n        <\/p>\r\n        <p class=\"p-md\"><b>Passo 2. Selecione a conta para a qual deseja gerar um extrato<\/b><\/p>\r\n        <p class=\"p-md\"><b>Passo 3. Clique no bot\u00e3o \u00abDescarregar extrato\u00bb<\/b><\/p>\r\n        <p class=\"p-md\">\r\n          <picture>\r\n            <source\r\n              srcset=\"data:image\/gif;base64,R0lGODlhAQABAAAAACH5BAEKAAEALAAAAAABAAEAAAICTAEAOw==\"\r\n              data-srcset=\"https:\/\/satchel.eu\/pt\/wp-content\/themes\/satchel\/public\/img\/webp\/faq\/account-statement-transaction-receipt\/img2-min.webp\"\r\n              type=\"image\/webp\" \/>\r\n            <source\r\n              srcset=\"data:image\/gif;base64,R0lGODlhAQABAAAAACH5BAEKAAEALAAAAAABAAEAAAICTAEAOw==\"\r\n              data-srcset=\"https:\/\/satchel.eu\/pt\/wp-content\/themes\/satchel\/public\/img\/faq\/account-statement-transaction-receipt\/img2-min.jpg\"\r\n              type=\"image\/jpg\" \/>\r\n            <img decoding=\"async\"\r\n              src=\"data:image\/gif;base64,R0lGODlhAQABAAAAACH5BAEKAAEALAAAAAABAAEAAAICTAEAOw==\"\r\n              data-src=\"https:\/\/satchel.eu\/pt\/wp-content\/themes\/satchel\/public\/img\/faq\/account-statement-transaction-receipt\/img2-min.jpg\"\r\n              width=\"768\" height=\"364\"\r\n              class=\"lazyload\"\r\n              alt=\"\" \/>\r\n          <\/picture>\r\n        <\/p>\r\n        <p class=\"p-md\"><b>Passo 4. Escolha o intervalo de datas para o qual o relat\u00f3rio ser\u00e1 gerado.<\/b><\/p>\r\n        <p class=\"p-md\">Tenha em aten\u00e7\u00e3o que as datas de reporte s\u00f3 podem ser definidas para o per\u00edodo de 1 ano indicado no seu extrato de conta.<\/p>\r\n        <p class=\"p-md\">\r\n          <picture>\r\n            <source\r\n              srcset=\"data:image\/gif;base64,R0lGODlhAQABAAAAACH5BAEKAAEALAAAAAABAAEAAAICTAEAOw==\"\r\n              data-srcset=\"https:\/\/satchel.eu\/pt\/wp-content\/themes\/satchel\/public\/img\/webp\/faq\/account-statement-transaction-receipt\/img3-min.webp\"\r\n              type=\"image\/webp\" \/>\r\n            <source\r\n              srcset=\"data:image\/gif;base64,R0lGODlhAQABAAAAACH5BAEKAAEALAAAAAABAAEAAAICTAEAOw==\"\r\n              data-srcset=\"https:\/\/satchel.eu\/pt\/wp-content\/themes\/satchel\/public\/img\/faq\/account-statement-transaction-receipt\/img3-min.jpg\"\r\n              type=\"image\/jpg\" \/>\r\n            <img decoding=\"async\"\r\n              src=\"data:image\/gif;base64,R0lGODlhAQABAAAAACH5BAEKAAEALAAAAAABAAEAAAICTAEAOw==\"\r\n              data-src=\"https:\/\/satchel.eu\/pt\/wp-content\/themes\/satchel\/public\/img\/faq\/account-statement-transaction-receipt\/img3-min.jpg\"\r\n              width=\"768\" height=\"337\"\r\n              class=\"lazyload\"\r\n              alt=\"\" \/>\r\n          <\/picture>\r\n        <\/p>\r\n        <p class=\"p-md\"><b>Passo 5. Selecione o formato desejado para o ficheiro e clique em \u00abTransferir\u00bb. O ficheiro ser\u00e1 automaticamente transferido para o seu PC.<\/b><\/p>\r\n        \r\n        <h2>Recibo de transa\u00e7\u00e3o<\/h2>\r\n        <p class=\"p-md\">Para al\u00e9m de gerar o extrato de toda a conta, os utilizadores tamb\u00e9m podem gerar um recibo de uma transa\u00e7\u00e3o espec\u00edfica na conta selecionada ou no separador Hist\u00f3rico.<\/p>\r\n        <p class=\"p-md\"><b>Passo 1. Clique numa transa\u00e7\u00e3o<\/b><\/p>\r\n        <p class=\"p-md\">NOTA: a op\u00e7\u00e3o de gerar o recibo da transa\u00e7\u00e3o est\u00e1 dispon\u00edvel apenas para pagamentos totalmente processados. N\u00e3o \u00e9 poss\u00edvel descarregar o recibo de transa\u00e7\u00f5es rejeitadas ou que ainda est\u00e3o a ser processadas.<\/p>\r\n        <p class=\"p-md\">\r\n          <picture>\r\n            <source\r\n              srcset=\"data:image\/gif;base64,R0lGODlhAQABAAAAACH5BAEKAAEALAAAAAABAAEAAAICTAEAOw==\"\r\n              data-srcset=\"https:\/\/satchel.eu\/pt\/wp-content\/themes\/satchel\/public\/img\/webp\/faq\/account-statement-transaction-receipt\/img4-min.webp\"\r\n              type=\"image\/webp\" \/>\r\n            <source\r\n              srcset=\"data:image\/gif;base64,R0lGODlhAQABAAAAACH5BAEKAAEALAAAAAABAAEAAAICTAEAOw==\"\r\n              data-srcset=\"https:\/\/satchel.eu\/pt\/wp-content\/themes\/satchel\/public\/img\/faq\/account-statement-transaction-receipt\/img4-min.jpg\"\r\n              type=\"image\/jpg\" \/>\r\n            <img decoding=\"async\"\r\n              src=\"data:image\/gif;base64,R0lGODlhAQABAAAAACH5BAEKAAEALAAAAAABAAEAAAICTAEAOw==\"\r\n              data-src=\"https:\/\/satchel.eu\/pt\/wp-content\/themes\/satchel\/public\/img\/faq\/account-statement-transaction-receipt\/img4-min.jpg\"\r\n              width=\"768\" height=\"369\"\r\n              class=\"lazyload\"\r\n              alt=\"\" \/>\r\n          <\/picture>\r\n        <\/p>\r\n        <p class=\"p-md\"><b>Passo 2. Clique em \u00abDescarregar recibo\u00bb<\/b><\/p>\r\n        <p class=\"p-md\">O recibo ser\u00e1 descarregado como um documento PDF contendo detalhes sobre esse pagamento espec\u00edfico.<\/p>\r\n\r\n      <\/div>\r\n    <\/div>\r\n  <\/div>\r\n<\/section>","protected":false},"excerpt":{"rendered":"Como descarregar o extrato da conta e o recibo da transa\u00e7\u00e3o? Extrato da conta Cada cliente tem a op\u00e7\u00e3o de descarregar um extrato da sua conta espec\u00edfica, que mostra o fluxo das transa\u00e7\u00f5es durante o per\u00edodo selecionado. Passo 1. Navegue at\u00e9 ao separador Todas as contas no menu lateral Passo 2. Selecione a conta para...","protected":false},"author":5,"featured_media":0,"parent":99,"menu_order":0,"comment_status":"closed","ping_status":"closed","template":"","meta":{"_acf_changed":false,"footnotes":""},"class_list":["post-3949","page","type-page","status-publish","hentry"],"acf":[],"yoast_head":"<!-- This site is optimized with the Yoast SEO plugin v22.0 - https:\/\/yoast.com\/wordpress\/plugins\/seo\/ -->\n<title>FAQ Extrato e Comprovativo de Transacao - Satchel<\/title>\n<meta name=\"description\" content=\"Aprenda como baixar seu extrato de conta e recibo de transa\u00e7\u00e3o na Satchel.\" \/>\n<meta name=\"robots\" content=\"index, follow, max-snippet:-1, max-image-preview:large, max-video-preview:-1\" \/>\n<link rel=\"canonical\" href=\"https:\/\/satchel.eu\/pt\/faq\/extrato-e-recibo\/\" \/>\n<meta property=\"og:locale\" content=\"pt_PT\" \/>\n<meta property=\"og:type\" content=\"article\" \/>\n<meta property=\"og:title\" content=\"FAQ Extrato e Comprovativo de Transacao - Satchel\" \/>\n<meta property=\"og:description\" content=\"Aprenda como baixar seu extrato de conta e recibo de transa\u00e7\u00e3o na Satchel.\" \/>\n<meta property=\"og:url\" content=\"https:\/\/satchel.eu\/pt\/faq\/extrato-e-recibo\/\" \/>\n<meta property=\"og:site_name\" content=\"Satchel\" \/>\n<meta property=\"article:modified_time\" content=\"2025-12-29T13:41:09+00:00\" \/>\n<meta name=\"twitter:card\" content=\"summary_large_image\" \/>\n<meta name=\"twitter:label1\" content=\"Est. reading time\" \/>\n\t<meta name=\"twitter:data1\" content=\"3 minutos\" \/>\n<script type=\"application\/ld+json\" class=\"yoast-schema-graph\">{\"@context\":\"https:\/\/schema.org\",\"@graph\":[{\"@type\":\"WebPage\",\"@id\":\"https:\/\/satchel.eu\/pt\/faq\/extrato-e-recibo\/\",\"url\":\"https:\/\/satchel.eu\/pt\/faq\/extrato-e-recibo\/\",\"name\":\"FAQ Extrato e Comprovativo de Transacao - Satchel\",\"isPartOf\":{\"@id\":\"https:\/\/satchel.eu\/pt\/#website\"},\"datePublished\":\"2023-01-11T11:47:47+00:00\",\"dateModified\":\"2025-12-29T13:41:09+00:00\",\"description\":\"Aprenda como baixar seu extrato de conta e recibo de transa\u00e7\u00e3o na Satchel.\",\"breadcrumb\":{\"@id\":\"https:\/\/satchel.eu\/pt\/faq\/extrato-e-recibo\/#breadcrumb\"},\"inLanguage\":\"pt-PT\",\"potentialAction\":[{\"@type\":\"ReadAction\",\"target\":[\"https:\/\/satchel.eu\/pt\/faq\/extrato-e-recibo\/\"]}]},{\"@type\":\"BreadcrumbList\",\"@id\":\"https:\/\/satchel.eu\/pt\/faq\/extrato-e-recibo\/#breadcrumb\",\"itemListElement\":[{\"@type\":\"ListItem\",\"position\":1,\"name\":\"Satchel\",\"item\":\"https:\/\/satchel.eu\/pt\/\"},{\"@type\":\"ListItem\",\"position\":2,\"name\":\"Perguntas Frequentes\",\"item\":\"https:\/\/satchel.eu\/pt\/faq\/\"},{\"@type\":\"ListItem\",\"position\":3,\"name\":\"Extrato da conta e recibo da transa\u00e7\u00e3o\"}]},{\"@type\":\"WebSite\",\"@id\":\"https:\/\/satchel.eu\/pt\/#website\",\"url\":\"https:\/\/satchel.eu\/pt\/\",\"name\":\"Satchel\",\"description\":\"Your money management solution\",\"publisher\":{\"@id\":\"https:\/\/satchel.eu\/pt\/#organization\"},\"potentialAction\":[{\"@type\":\"SearchAction\",\"target\":{\"@type\":\"EntryPoint\",\"urlTemplate\":\"https:\/\/satchel.eu\/pt\/?s={search_term_string}\"},\"query-input\":\"required name=search_term_string\"}],\"inLanguage\":\"pt-PT\"},{\"@type\":\"Organization\",\"@id\":\"https:\/\/satchel.eu\/pt\/#organization\",\"name\":\"Satchel\",\"url\":\"https:\/\/satchel.eu\/pt\/\",\"logo\":{\"@type\":\"ImageObject\",\"inLanguage\":\"pt-PT\",\"@id\":\"https:\/\/satchel.eu\/pt\/#\/schema\/logo\/image\/\",\"url\":\"https:\/\/satchel.eu\/pt\/wp-content\/uploads\/sites\/9\/2021\/05\/logo-black.jpg\",\"contentUrl\":\"https:\/\/satchel.eu\/pt\/wp-content\/uploads\/sites\/9\/2021\/05\/logo-black.jpg\",\"width\":135,\"height\":32,\"caption\":\"Satchel\"},\"image\":{\"@id\":\"https:\/\/satchel.eu\/pt\/#\/schema\/logo\/image\/\"}}]}<\/script>\n<!-- \/ Yoast SEO plugin. -->","yoast_head_json":{"title":"FAQ Extrato e Comprovativo de Transacao - Satchel","description":"Aprenda como baixar seu extrato de conta e recibo de transa\u00e7\u00e3o na Satchel.","robots":{"index":"index","follow":"follow","max-snippet":"max-snippet:-1","max-image-preview":"max-image-preview:large","max-video-preview":"max-video-preview:-1"},"canonical":"https:\/\/satchel.eu\/pt\/faq\/extrato-e-recibo\/","og_locale":"pt_PT","og_type":"article","og_title":"FAQ Extrato e Comprovativo de Transacao - Satchel","og_description":"Aprenda como baixar seu extrato de conta e recibo de transa\u00e7\u00e3o na Satchel.","og_url":"https:\/\/satchel.eu\/pt\/faq\/extrato-e-recibo\/","og_site_name":"Satchel","article_modified_time":"2025-12-29T13:41:09+00:00","twitter_card":"summary_large_image","twitter_misc":{"Est. reading time":"3 minutos"},"schema":{"@context":"https:\/\/schema.org","@graph":[{"@type":"WebPage","@id":"https:\/\/satchel.eu\/pt\/faq\/extrato-e-recibo\/","url":"https:\/\/satchel.eu\/pt\/faq\/extrato-e-recibo\/","name":"FAQ Extrato e Comprovativo de Transacao - Satchel","isPartOf":{"@id":"https:\/\/satchel.eu\/pt\/#website"},"datePublished":"2023-01-11T11:47:47+00:00","dateModified":"2025-12-29T13:41:09+00:00","description":"Aprenda como baixar seu extrato de conta e recibo de transa\u00e7\u00e3o na Satchel.","breadcrumb":{"@id":"https:\/\/satchel.eu\/pt\/faq\/extrato-e-recibo\/#breadcrumb"},"inLanguage":"pt-PT","potentialAction":[{"@type":"ReadAction","target":["https:\/\/satchel.eu\/pt\/faq\/extrato-e-recibo\/"]}]},{"@type":"BreadcrumbList","@id":"https:\/\/satchel.eu\/pt\/faq\/extrato-e-recibo\/#breadcrumb","itemListElement":[{"@type":"ListItem","position":1,"name":"Satchel","item":"https:\/\/satchel.eu\/pt\/"},{"@type":"ListItem","position":2,"name":"Perguntas Frequentes","item":"https:\/\/satchel.eu\/pt\/faq\/"},{"@type":"ListItem","position":3,"name":"Extrato da conta e recibo da transa\u00e7\u00e3o"}]},{"@type":"WebSite","@id":"https:\/\/satchel.eu\/pt\/#website","url":"https:\/\/satchel.eu\/pt\/","name":"Satchel","description":"Your money management solution","publisher":{"@id":"https:\/\/satchel.eu\/pt\/#organization"},"potentialAction":[{"@type":"SearchAction","target":{"@type":"EntryPoint","urlTemplate":"https:\/\/satchel.eu\/pt\/?s={search_term_string}"},"query-input":"required name=search_term_string"}],"inLanguage":"pt-PT"},{"@type":"Organization","@id":"https:\/\/satchel.eu\/pt\/#organization","name":"Satchel","url":"https:\/\/satchel.eu\/pt\/","logo":{"@type":"ImageObject","inLanguage":"pt-PT","@id":"https:\/\/satchel.eu\/pt\/#\/schema\/logo\/image\/","url":"https:\/\/satchel.eu\/pt\/wp-content\/uploads\/sites\/9\/2021\/05\/logo-black.jpg","contentUrl":"https:\/\/satchel.eu\/pt\/wp-content\/uploads\/sites\/9\/2021\/05\/logo-black.jpg","width":135,"height":32,"caption":"Satchel"},"image":{"@id":"https:\/\/satchel.eu\/pt\/#\/schema\/logo\/image\/"}}]}},"_links":{"self":[{"href":"https:\/\/satchel.eu\/pt\/wp-json\/wp\/v2\/pages\/3949","targetHints":{"allow":["GET"]}}],"collection":[{"href":"https:\/\/satchel.eu\/pt\/wp-json\/wp\/v2\/pages"}],"about":[{"href":"https:\/\/satchel.eu\/pt\/wp-json\/wp\/v2\/types\/page"}],"author":[{"embeddable":true,"href":"https:\/\/satchel.eu\/pt\/wp-json\/wp\/v2\/users\/5"}],"replies":[{"embeddable":true,"href":"https:\/\/satchel.eu\/pt\/wp-json\/wp\/v2\/comments?post=3949"}],"version-history":[{"count":4,"href":"https:\/\/satchel.eu\/pt\/wp-json\/wp\/v2\/pages\/3949\/revisions"}],"predecessor-version":[{"id":7030,"href":"https:\/\/satchel.eu\/pt\/wp-json\/wp\/v2\/pages\/3949\/revisions\/7030"}],"up":[{"embeddable":true,"href":"https:\/\/satchel.eu\/pt\/wp-json\/wp\/v2\/pages\/99"}],"wp:attachment":[{"href":"https:\/\/satchel.eu\/pt\/wp-json\/wp\/v2\/media?parent=3949"}],"curies":[{"name":"wp","href":"https:\/\/api.w.org\/{rel}","templated":true}]}}