{"id":792,"date":"2021-03-26T16:17:48","date_gmt":"2021-03-26T14:17:48","guid":{"rendered":"https:\/\/satchel.eu\/?page_id=792"},"modified":"2025-12-29T15:46:25","modified_gmt":"2025-12-29T13:46:25","slug":"beneficios-mastercard","status":"publish","type":"page","link":"https:\/\/satchel.eu\/pt\/beneficios-mastercard\/","title":{"rendered":"Mastercard Benefits"},"content":{"rendered":"<section class=\"section pb-lg-80 pb-md-60 pb-15\">\r\n  <div class=\"container\">\r\n    <div class=\"text-center mb-10\">\r\n        <div class=\"badge\">POWERED BY MASTERCARD<img decoding=\"async\" class=\"lazyload\" data-src=\"https:\/\/satchel.eu\/pt\/wp-content\/themes\/satchel\/public\/img\/mc-small-logo.png\" src=\"data:image\/gif;base64,R0lGODlhAQABAAAAACH5BAEKAAEALAAAAAABAAEAAAICTAEAOw==\" alt>\r\n        <\/div>\r\n    <\/div>\r\n    <h1 class=\"mb-15 text-center\">Your Pass to Satchel card Privilege<\/h1>\r\n    <div class=\"row mb-45 mb-md-90 mb-lg-110\">\r\n      <div class=\"col-lg-6 mx-auto\"> \r\n        <p class=\"text-center mb-0\">Discover the premium lifestyle and travel offers, exclusively available for Satchel card users.<\/p>\r\n      <\/div>\r\n    <\/div>\r\n    <div class=\"row\">\r\n      <div class=\"col-sm-8 col-md-4 col-lg-3 offset-lg-2 d-flex\">\r\n        <a class=\"offer-box\" href=\"https:\/\/satchel.eu\/pt\/mastercard-benefits\/yoox\/\">\r\n          <span class=\"offer-box__image\">\r\n            <img decoding=\"async\" class=\"lazyload\" data-src=\"https:\/\/satchel.eu\/pt\/wp-content\/themes\/satchel\/public\/img\/special-offer1@2x.png\" src=\"data:image\/gif;base64,R0lGODlhAQABAAAAACH5BAEKAAEALAAAAAABAAEAAAICTAEAOw==\" alt>\r\n          <\/span>\r\n          <span class=\"offer-box__badge\">-15% off<\/span>\r\n          <span class=\"offer-box__title\">YOOX.com<\/span>\r\n          <span class=\"offer-box__text\">World\u2018s leading lifestyle store for fashion. YOOX is a marketplace&hellip;<\/span>\r\n          <span class=\"offer-box__date\">Valid until <b>31 December 2022<\/b><\/span>\r\n        <\/a>\r\n      <\/div>\r\n      <div class=\"col-sm-8 col-md-4 col-lg-3 d-flex\">\r\n        <a class=\"offer-box\" href=\"https:\/\/satchel.eu\/pt\/mastercard-benefits\/iwoot\/\">\r\n          <span class=\"offer-box__image\">\r\n            <img decoding=\"async\" class=\"lazyload\" data-src=\"https:\/\/satchel.eu\/pt\/wp-content\/themes\/satchel\/public\/img\/iwoot.jpg?v=2\" src=\"data:image\/gif;base64,R0lGODlhAQABAAAAACH5BAEKAAEALAAAAAABAAEAAAICTAEAOw==\" alt>\r\n          <\/span>\r\n          <span class=\"offer-box__badge\">-15% off<\/span>\r\n          <span class=\"offer-box__title\">IWOOT<\/span>\r\n          <span class=\"offer-box__text\">A leading online gifting retailer that specialises in quirky gifts,&hellip;<\/span>\r\n          <span class=\"offer-box__date\">Valid until <b>31 December 2022<\/b><\/span>\r\n        <\/a>\r\n      <\/div>\r\n      <div class=\"col-sm-8 col-md-4 col-lg-3 d-flex\">\r\n        <a class=\"offer-box\" href=\"https:\/\/satchel.eu\/pt\/mastercard-benefits\/the-hut\/\">\r\n          <span class=\"offer-box__image\">\r\n            <img decoding=\"async\" class=\"lazyload\" data-src=\"https:\/\/satchel.eu\/pt\/wp-content\/themes\/satchel\/public\/img\/the-hut.jpg\" src=\"data:image\/gif;base64,R0lGODlhAQABAAAAACH5BAEKAAEALAAAAAABAAEAAAICTAEAOw==\" alt>\r\n          <\/span>\r\n          <span class=\"offer-box__badge\">-15% off<\/span>\r\n          <span class=\"offer-box__title\">THE HUT<\/span>\r\n          <span class=\"offer-box__text\">Leading luxury online department store, specialised in fashion, homeware, beauty,&hellip;<\/span>\r\n          <span class=\"offer-box__date\">Valid until <b>31 December 2022<\/b><\/span>\r\n        <\/a>\r\n      <\/div>\r\n      <div class=\"col-sm-8 col-md-4 col-lg-3 d-flex\">\r\n        <a class=\"offer-box\" href=\"https:\/\/satchel.eu\/pt\/mastercard-benefits\/allsole\/\">\r\n          <span class=\"offer-box__image\">\r\n            <img decoding=\"async\" class=\"lazyload\" data-src=\"https:\/\/satchel.eu\/pt\/wp-content\/themes\/satchel\/public\/img\/allsole-logo.jpg\" src=\"data:image\/gif;base64,R0lGODlhAQABAAAAACH5BAEKAAEALAAAAAABAAEAAAICTAEAOw==\" alt>\r\n          <\/span>\r\n          <span class=\"offer-box__badge\">-15% off<\/span>\r\n          <span class=\"offer-box__title\">AllSole<\/span>\r\n          <span class=\"offer-box__text\">Online destination for footwear showcasing collections.<\/span>\r\n          <span class=\"offer-box__date\">Valid until <b>31 December 2022<\/b><\/span>\r\n        <\/a>\r\n      <\/div>\r\n    <\/div>\r\n    <div class=\"row\">\r\n      <div class=\"col-sm-8 col-md-4 col-lg-3 offset-lg-2 d-flex\">\r\n        <a class=\"offer-box\" href=\"https:\/\/satchel.eu\/pt\/mastercard-benefits\/zavvi\/\">\r\n          <span class=\"offer-box__image\">\r\n            <img decoding=\"async\" class=\"lazyload\" data-src=\"https:\/\/satchel.eu\/pt\/wp-content\/themes\/satchel\/public\/img\/Zaavi-logo.jpg\" src=\"data:image\/gif;base64,R0lGODlhAQABAAAAACH5BAEKAAEALAAAAAABAAEAAAICTAEAOw==\" alt>\r\n          <\/span>\r\n          <span class=\"offer-box__badge\">-10% off<\/span>\r\n          <span class=\"offer-box__title\">zavvi<\/span>\r\n          <span class=\"offer-box__text\">The heart and home of pop culture. The place where&hellip;<\/span>\r\n          <span class=\"offer-box__date\">Valid until <b>31 December 2022<\/b><\/span>\r\n        <\/a>\r\n      <\/div>\r\n      <div class=\"col-sm-8 col-md-4 col-lg-3 d-flex\">\r\n        <a class=\"offer-box\" href=\"https:\/\/satchel.eu\/pt\/mastercard-benefits\/mybag\/\">\r\n          <span class=\"offer-box__image\">\r\n            <img decoding=\"async\" class=\"lazyload\" data-src=\"https:\/\/satchel.eu\/pt\/wp-content\/themes\/satchel\/public\/img\/special-offer-mybag.png\" src=\"data:image\/gif;base64,R0lGODlhAQABAAAAACH5BAEKAAEALAAAAAABAAEAAAICTAEAOw==\" alt>\r\n          <\/span>\r\n          <span class=\"offer-box__badge\">-15% off<\/span>\r\n          <span class=\"offer-box__title\">MyBag<\/span>\r\n          <span class=\"offer-box__text\">Launched in 2010, MyBag has established itself as a specialist&hellip;<\/span>\r\n          <span class=\"offer-box__date\">Valid until <b>31 December 2022<\/b><\/span>\r\n        <\/a>\r\n      <\/div>\r\n      <div class=\"col-sm-8 col-md-4 col-lg-3 d-flex\">\r\n        <a class=\"offer-box\" href=\"https:\/\/satchel.eu\/pt\/mastercard-benefits\/coggles\/\">\r\n          <span class=\"offer-box__image\">\r\n            <img decoding=\"async\" class=\"lazyload\" data-src=\"https:\/\/satchel.eu\/pt\/wp-content\/themes\/satchel\/public\/img\/special-offer-coggles.png\" src=\"data:image\/gif;base64,R0lGODlhAQABAAAAACH5BAEKAAEALAAAAAABAAEAAAICTAEAOw==\" alt>\r\n          <\/span>\r\n          <span class=\"offer-box__badge\">-10% off<\/span>\r\n          <span class=\"offer-box__title\">COGGLES<\/span>\r\n          <span class=\"offer-box__text\">Discover over 200 designer labels showcasing a wide range of&hellip;<\/span>\r\n          <span class=\"offer-box__date\">Valid until <b>31 December 2022<\/b><\/span>\r\n        <\/a>\r\n      <\/div>\r\n    <\/div>\r\n  <\/div>\r\n<\/section>\r\n<section class=\"section overflow-hidden\">\r\n  <div class=\"cards-slider__gradient cards-slider__gradient--before\"><\/div>\r\n  <div class=\"cards-slider__gradient cards-slider__gradient--after\"><\/div>\r\n  <button class=\"cards-slider__arrow cards-slider__arrow--prev\"><\/button>\r\n  <button class=\"cards-slider__arrow cards-slider__arrow--next\"><\/button>\r\n  <div class=\"container cards-slider__container position-relative\">\r\n    <div class=\"row\">\r\n      <div class=\"col-lg-6 mx-auto\">\r\n        <h2 class=\"mb-30 text-center position-relative\">Choose the Satchel Card that fits you<\/h2>\r\n      <\/div>\r\n    <\/div>\r\n    <div class=\"row position-relative\">\r\n      <div class=\"col-md-auto mx-auto\">\r\n        <div class=\"cards-slider\">\r\n          <div class=\"cards-slider__content\">\r\n            <ul>\r\n              <li>\r\n                <div class=\"cards-slide\">\r\n                  <div class=\"cards-slide__label\">Physical<\/div>\r\n                  <div class=\"cards-slide__image mb-30\"><img decoding=\"async\" class=\"lazyload\" src=\"data:image\/gif;base64,R0lGODlhAQABAAAAACH5BAEKAAEALAAAAAABAAEAAAICTAEAOw==\" data-src=\"https:\/\/satchel.eu\/pt\/wp-content\/themes\/satchel\/public\/img\/cards-slide3@2x.png\" width=\"298\" alt><\/div>\r\n                  <div class=\"cards-slide__items d-flex flex-wrap\">\r\n                    <div class=\"cards-slide__item text-center w-50 mb-20 js-cards-slide-item-equalHeights\"><img decoding=\"async\" class=\"lazyload mb-10\" src=\"data:image\/gif;base64,R0lGODlhAQABAAAAACH5BAEKAAEALAAAAAABAAEAAAICTAEAOw==\" data-src=\"https:\/\/satchel.eu\/pt\/wp-content\/themes\/satchel\/public\/img\/sleu-kit-icons-y-fast-speed-2.svg?v=2.5\" alt>\r\n                      <p class=\"mb-0 text-center cards-slide__item-text\">Instant payments<\/p>\r\n                    <\/div>\r\n                    <div class=\"cards-slide__item text-center w-50 mb-20 js-cards-slide-item-equalHeights\"><img decoding=\"async\" class=\"lazyload mb-10\" src=\"data:image\/gif;base64,R0lGODlhAQABAAAAACH5BAEKAAEALAAAAAABAAEAAAICTAEAOw==\" data-src=\"https:\/\/satchel.eu\/pt\/wp-content\/themes\/satchel\/public\/img\/sleu-kit-icons-y-worldwide.svg?v=2.5\" alt>\r\n                      <p class=\"mb-0 text-center cards-slide__item-text\">ATM withdrawals worldwide<\/p>\r\n                    <\/div>\r\n                    <div class=\"cards-slide__item text-center w-50 mb-20\"><img decoding=\"async\" class=\"lazyload mb-10\" src=\"data:image\/gif;base64,R0lGODlhAQABAAAAACH5BAEKAAEALAAAAAABAAEAAAICTAEAOw==\" data-src=\"https:\/\/satchel.eu\/pt\/wp-content\/themes\/satchel\/public\/img\/sleu-kit-icons-y-contactless.svg?v=2.5\" alt>\r\n                      <p class=\"mb-0 text-center cards-slide__item-text\">Contactless<\/p>\r\n                    <\/div>\r\n                    <div class=\"cards-slide__item text-center w-50 mb-20\"><img decoding=\"async\" class=\"lazyload mb-10\" src=\"data:image\/gif;base64,R0lGODlhAQABAAAAACH5BAEKAAEALAAAAAABAAEAAAICTAEAOw==\" data-src=\"https:\/\/satchel.eu\/pt\/wp-content\/themes\/satchel\/public\/img\/sleu-kit-icons-y-shield2.svg?v=2.5\" alt>\r\n                      <p class=\"mb-0 text-center cards-slide__item-text\">3D Secure<\/p>\r\n                    <\/div>\r\n                  <\/div><a class=\"btn btn-primary w-100 mt-auto\" href=\"https:\/\/satchel.eu\/pt\/\">Order card<\/a>\r\n                <\/div>\r\n                <p class=\"px-30 mb-0 mt-25 text-center p-md text-gray6 js-cards-slide-equalHeights\">The ultimate card for your daily payments<\/p>\r\n              <\/li>\r\n              <li>\r\n                <div class=\"cards-slide\">\r\n                  <div class=\"cards-slide__label\">Virtual<\/div>\r\n                  <div class=\"cards-slide__image mb-30\"><img decoding=\"async\" class=\"lazyload\" src=\"data:image\/gif;base64,R0lGODlhAQABAAAAACH5BAEKAAEALAAAAAABAAEAAAICTAEAOw==\" data-src=\"https:\/\/satchel.eu\/pt\/wp-content\/themes\/satchel\/public\/img\/cards-slide1@2x.png\" width=\"298\" alt><\/div>\r\n                  <div class=\"cards-slide__items d-flex flex-wrap\">\r\n                    <div class=\"cards-slide__item text-center w-50 mb-20 js-cards-slide-item-equalHeights\"><img decoding=\"async\" class=\"lazyload mb-10\" src=\"data:image\/gif;base64,R0lGODlhAQABAAAAACH5BAEKAAEALAAAAAABAAEAAAICTAEAOw==\" data-src=\"https:\/\/satchel.eu\/pt\/wp-content\/themes\/satchel\/public\/img\/sleu-kit-icons-y-shopping.svg?v=2.5\" alt>\r\n                      <p class=\"mb-0 text-center cards-slide__item-text\">Simple online purchases<\/p>\r\n                    <\/div>\r\n                    <div class=\"cards-slide__item text-center w-50 mb-20 js-cards-slide-item-equalHeights\"><img decoding=\"async\" class=\"lazyload mb-10\" src=\"data:image\/gif;base64,R0lGODlhAQABAAAAACH5BAEKAAEALAAAAAABAAEAAAICTAEAOw==\" data-src=\"https:\/\/satchel.eu\/pt\/wp-content\/themes\/satchel\/public\/img\/sleu-kit-icons-y-ready-done-compliance.svg?v=2.5\" alt>\r\n                      <p class=\"mb-0 text-center cards-slide__item-text\">Increased fraud protection<\/p>\r\n                    <\/div>\r\n                    <div class=\"cards-slide__item text-center w-50 mb-20\"><img decoding=\"async\" class=\"lazyload mb-10\" src=\"data:image\/gif;base64,R0lGODlhAQABAAAAACH5BAEKAAEALAAAAAABAAEAAAICTAEAOw==\" data-src=\"https:\/\/satchel.eu\/pt\/wp-content\/themes\/satchel\/public\/img\/sleu-kit-icons-y-shield2.svg?v=2.5\" alt>\r\n                      <p class=\"mb-0 text-center cards-slide__item-text\">3D Secure<\/p>\r\n                    <\/div>\r\n                    <div class=\"cards-slide__item text-center w-50 mb-20\"><img decoding=\"async\" class=\"lazyload mb-10\" src=\"data:image\/gif;base64,R0lGODlhAQABAAAAACH5BAEKAAEALAAAAAABAAEAAAICTAEAOw==\" data-src=\"https:\/\/satchel.eu\/pt\/wp-content\/themes\/satchel\/public\/img\/sleu-kit-icons-y-fast-speed-2.svg?v=2.5\" alt>\r\n                      <p class=\"mb-0 text-center cards-slide__item-text\">Delivered in minutes<\/p>\r\n                    <\/div>\r\n                  <\/div><a class=\"btn btn-primary w-100 mt-auto\" href=\"https:\/\/satchel.eu\/pt\/\">Order card<\/a>\r\n                <\/div>\r\n                <p class=\"px-30 mb-0 mt-25 text-center p-md text-gray6 js-cards-slide-equalHeights\">An essential card for secure online shopping  <\/p>\r\n              <\/li>\r\n            <\/ul>\r\n          <\/div>\r\n        <\/div>\r\n      <\/div>\r\n    <\/div>\r\n    <div class=\"row\">\r\n      <div class=\"col-md-10 mx-auto\">\r\n        <div class=\"cards-slider__scrollbar\">\r\n          <div class=\"cards-slider__handle\"><\/div>\r\n        <\/div>\r\n      <\/div>\r\n    <\/div>\r\n  <\/div>\r\n\r\n<\/section>","protected":false},"excerpt":{"rendered":"POWERED BY MASTERCARD Your Pass to Satchel card Privilege Discover the premium lifestyle and travel offers, exclusively available for Satchel card users. -15% off YOOX.com World\u2018s leading lifestyle store for fashion. YOOX is a marketplace&hellip; Valid until 31 December 2022 -15% off IWOOT A leading online gifting retailer that specialises in quirky gifts,&hellip; Valid until&#8230;","protected":false},"author":5,"featured_media":0,"parent":0,"menu_order":0,"comment_status":"closed","ping_status":"closed","template":"","meta":{"_acf_changed":false,"footnotes":""},"class_list":["post-792","page","type-page","status-publish","hentry"],"acf":[],"yoast_head":"<!-- This site is optimized with the Yoast SEO plugin v22.0 - https:\/\/yoast.com\/wordpress\/plugins\/seo\/ -->\n<title>Beneficios para Titulares de Cartao - Satchel<\/title>\n<meta name=\"description\" content=\"Descubra todos os benef\u00edcios que voc\u00ea obt\u00e9m com um cart\u00e3o Satchel.\" \/>\n<meta name=\"robots\" content=\"index, follow, max-snippet:-1, max-image-preview:large, max-video-preview:-1\" \/>\n<link rel=\"canonical\" href=\"https:\/\/satchel.eu\/pt\/beneficios-mastercard\/\" \/>\n<meta property=\"og:locale\" content=\"pt_PT\" \/>\n<meta property=\"og:type\" content=\"article\" \/>\n<meta property=\"og:title\" content=\"Beneficios para Titulares de Cartao - Satchel\" \/>\n<meta property=\"og:description\" content=\"Descubra todos os benef\u00edcios que voc\u00ea obt\u00e9m com um cart\u00e3o Satchel.\" \/>\n<meta property=\"og:url\" content=\"https:\/\/satchel.eu\/pt\/beneficios-mastercard\/\" \/>\n<meta property=\"og:site_name\" content=\"Satchel\" \/>\n<meta property=\"article:modified_time\" content=\"2025-12-29T13:46:25+00:00\" \/>\n<meta name=\"twitter:card\" content=\"summary_large_image\" \/>\n<meta name=\"twitter:label1\" content=\"Est. reading time\" \/>\n\t<meta name=\"twitter:data1\" content=\"5 minutos\" \/>\n<script type=\"application\/ld+json\" class=\"yoast-schema-graph\">{\"@context\":\"https:\/\/schema.org\",\"@graph\":[{\"@type\":\"WebPage\",\"@id\":\"https:\/\/satchel.eu\/pt\/beneficios-mastercard\/\",\"url\":\"https:\/\/satchel.eu\/pt\/beneficios-mastercard\/\",\"name\":\"Beneficios para Titulares de Cartao - Satchel\",\"isPartOf\":{\"@id\":\"https:\/\/satchel.eu\/pt\/#website\"},\"datePublished\":\"2021-03-26T14:17:48+00:00\",\"dateModified\":\"2025-12-29T13:46:25+00:00\",\"description\":\"Descubra todos os benef\u00edcios que voc\u00ea obt\u00e9m com um cart\u00e3o Satchel.\",\"breadcrumb\":{\"@id\":\"https:\/\/satchel.eu\/pt\/beneficios-mastercard\/#breadcrumb\"},\"inLanguage\":\"pt-PT\",\"potentialAction\":[{\"@type\":\"ReadAction\",\"target\":[\"https:\/\/satchel.eu\/pt\/beneficios-mastercard\/\"]}]},{\"@type\":\"BreadcrumbList\",\"@id\":\"https:\/\/satchel.eu\/pt\/beneficios-mastercard\/#breadcrumb\",\"itemListElement\":[{\"@type\":\"ListItem\",\"position\":1,\"name\":\"Satchel\",\"item\":\"https:\/\/satchel.eu\/pt\/\"},{\"@type\":\"ListItem\",\"position\":2,\"name\":\"Mastercard Benefits\"}]},{\"@type\":\"WebSite\",\"@id\":\"https:\/\/satchel.eu\/pt\/#website\",\"url\":\"https:\/\/satchel.eu\/pt\/\",\"name\":\"Satchel\",\"description\":\"Your money management solution\",\"publisher\":{\"@id\":\"https:\/\/satchel.eu\/pt\/#organization\"},\"potentialAction\":[{\"@type\":\"SearchAction\",\"target\":{\"@type\":\"EntryPoint\",\"urlTemplate\":\"https:\/\/satchel.eu\/pt\/?s={search_term_string}\"},\"query-input\":\"required name=search_term_string\"}],\"inLanguage\":\"pt-PT\"},{\"@type\":\"Organization\",\"@id\":\"https:\/\/satchel.eu\/pt\/#organization\",\"name\":\"Satchel\",\"url\":\"https:\/\/satchel.eu\/pt\/\",\"logo\":{\"@type\":\"ImageObject\",\"inLanguage\":\"pt-PT\",\"@id\":\"https:\/\/satchel.eu\/pt\/#\/schema\/logo\/image\/\",\"url\":\"https:\/\/satchel.eu\/pt\/wp-content\/uploads\/sites\/9\/2021\/05\/logo-black.jpg\",\"contentUrl\":\"https:\/\/satchel.eu\/pt\/wp-content\/uploads\/sites\/9\/2021\/05\/logo-black.jpg\",\"width\":135,\"height\":32,\"caption\":\"Satchel\"},\"image\":{\"@id\":\"https:\/\/satchel.eu\/pt\/#\/schema\/logo\/image\/\"}}]}<\/script>\n<!-- \/ Yoast SEO plugin. -->","yoast_head_json":{"title":"Beneficios para Titulares de Cartao - Satchel","description":"Descubra todos os benef\u00edcios que voc\u00ea obt\u00e9m com um cart\u00e3o Satchel.","robots":{"index":"index","follow":"follow","max-snippet":"max-snippet:-1","max-image-preview":"max-image-preview:large","max-video-preview":"max-video-preview:-1"},"canonical":"https:\/\/satchel.eu\/pt\/beneficios-mastercard\/","og_locale":"pt_PT","og_type":"article","og_title":"Beneficios para Titulares de Cartao - Satchel","og_description":"Descubra todos os benef\u00edcios que voc\u00ea obt\u00e9m com um cart\u00e3o Satchel.","og_url":"https:\/\/satchel.eu\/pt\/beneficios-mastercard\/","og_site_name":"Satchel","article_modified_time":"2025-12-29T13:46:25+00:00","twitter_card":"summary_large_image","twitter_misc":{"Est. reading time":"5 minutos"},"schema":{"@context":"https:\/\/schema.org","@graph":[{"@type":"WebPage","@id":"https:\/\/satchel.eu\/pt\/beneficios-mastercard\/","url":"https:\/\/satchel.eu\/pt\/beneficios-mastercard\/","name":"Beneficios para Titulares de Cartao - Satchel","isPartOf":{"@id":"https:\/\/satchel.eu\/pt\/#website"},"datePublished":"2021-03-26T14:17:48+00:00","dateModified":"2025-12-29T13:46:25+00:00","description":"Descubra todos os benef\u00edcios que voc\u00ea obt\u00e9m com um cart\u00e3o Satchel.","breadcrumb":{"@id":"https:\/\/satchel.eu\/pt\/beneficios-mastercard\/#breadcrumb"},"inLanguage":"pt-PT","potentialAction":[{"@type":"ReadAction","target":["https:\/\/satchel.eu\/pt\/beneficios-mastercard\/"]}]},{"@type":"BreadcrumbList","@id":"https:\/\/satchel.eu\/pt\/beneficios-mastercard\/#breadcrumb","itemListElement":[{"@type":"ListItem","position":1,"name":"Satchel","item":"https:\/\/satchel.eu\/pt\/"},{"@type":"ListItem","position":2,"name":"Mastercard Benefits"}]},{"@type":"WebSite","@id":"https:\/\/satchel.eu\/pt\/#website","url":"https:\/\/satchel.eu\/pt\/","name":"Satchel","description":"Your money management solution","publisher":{"@id":"https:\/\/satchel.eu\/pt\/#organization"},"potentialAction":[{"@type":"SearchAction","target":{"@type":"EntryPoint","urlTemplate":"https:\/\/satchel.eu\/pt\/?s={search_term_string}"},"query-input":"required name=search_term_string"}],"inLanguage":"pt-PT"},{"@type":"Organization","@id":"https:\/\/satchel.eu\/pt\/#organization","name":"Satchel","url":"https:\/\/satchel.eu\/pt\/","logo":{"@type":"ImageObject","inLanguage":"pt-PT","@id":"https:\/\/satchel.eu\/pt\/#\/schema\/logo\/image\/","url":"https:\/\/satchel.eu\/pt\/wp-content\/uploads\/sites\/9\/2021\/05\/logo-black.jpg","contentUrl":"https:\/\/satchel.eu\/pt\/wp-content\/uploads\/sites\/9\/2021\/05\/logo-black.jpg","width":135,"height":32,"caption":"Satchel"},"image":{"@id":"https:\/\/satchel.eu\/pt\/#\/schema\/logo\/image\/"}}]}},"_links":{"self":[{"href":"https:\/\/satchel.eu\/pt\/wp-json\/wp\/v2\/pages\/792","targetHints":{"allow":["GET"]}}],"collection":[{"href":"https:\/\/satchel.eu\/pt\/wp-json\/wp\/v2\/pages"}],"about":[{"href":"https:\/\/satchel.eu\/pt\/wp-json\/wp\/v2\/types\/page"}],"author":[{"embeddable":true,"href":"https:\/\/satchel.eu\/pt\/wp-json\/wp\/v2\/users\/5"}],"replies":[{"embeddable":true,"href":"https:\/\/satchel.eu\/pt\/wp-json\/wp\/v2\/comments?post=792"}],"version-history":[{"count":13,"href":"https:\/\/satchel.eu\/pt\/wp-json\/wp\/v2\/pages\/792\/revisions"}],"predecessor-version":[{"id":5986,"href":"https:\/\/satchel.eu\/pt\/wp-json\/wp\/v2\/pages\/792\/revisions\/5986"}],"wp:attachment":[{"href":"https:\/\/satchel.eu\/pt\/wp-json\/wp\/v2\/media?parent=792"}],"curies":[{"name":"wp","href":"https:\/\/api.w.org\/{rel}","templated":true}]}}