{"id":96,"date":"2021-03-02T19:55:13","date_gmt":"2021-03-02T17:55:13","guid":{"rendered":"https:\/\/satchel.eu\/?page_id=96"},"modified":"2025-12-08T14:37:55","modified_gmt":"2025-12-08T12:37:55","slug":"aplicacao-satchel","status":"publish","type":"page","link":"https:\/\/satchel.eu\/pt\/aplicacao-satchel\/","title":{"rendered":"Aplica\u00e7\u00e3o Satchel"},"content":{"rendered":"<section class=\"section\">\n<div class=\"container\">\n<div class=\"row align-items-center\">\n<div class=\"col-md-9 col-lg-7 offset-lg-1 mb-md-0 mb-30\">\n<h1 class=\"mb-15\">Manage your account on-the-go<\/h1>\n<p>Intuitive digital tool for transactions, card top-up, currency exchange and more.<\/p>\n<div class=\"d-flex align-items-start align-items-sm-center flex-sm-row flex-column\">\n<p class=\"p-md2 mb-15 mb-sm-0 mr-sm-25\">Download on<\/p>\n<div class=\"d-flex\">\n            <a class=\"btn btn-primary btn-primary--appstore mr-25 js-ios-app-satchel-app\" href=\"https:\/\/apps.apple.com\/us\/app\/satchelpay\/id1385513368\" target=\"_blank\" rel=\"noopener\">AppStore<\/a><br \/>\n            <a class=\"btn btn-primary btn-primary--playmarket js-android-app-satchel-app\" href=\"https:\/\/play.google.com\/store\/apps\/details?id=com.thefintechlab.whitelabelandroid\" target=\"_blank\" rel=\"noopener\">Play Market<\/a>\n          <\/div>\n<\/p><\/div>\n<\/p><\/div>\n<div class=\"col-md-7 col-lg-6 offset-lg-2 text-md-right\">\n        <picture><source \nsrcset=\"https:\/\/satchel.eu\/pt\/wp-content\/themes\/satchel\/public\/img\/webp\/personal\/mobile-banking-copy2x.webp\"\n            type=\"image\/webp\" \/><source \nsrcset=\"https:\/\/satchel.eu\/pt\/wp-content\/themes\/satchel\/public\/img\/personal\/mobile-banking-copy2x.png\"\n            type=\"image\/png\" \/><br \/>\n          <img decoding=\"async\"\n            src=\"https:\/\/satchel.eu\/pt\/wp-content\/themes\/satchel\/public\/img\/personal\/mobile-banking-copy2x.png\"\n            width=\"448\" height=\"448\"\n            alt=\"Mobile banking\" \/>\n        <\/picture>\n      <\/div>\n<\/p><\/div>\n<\/p><\/div>\n<\/section>\n<section class=\"section\" id=\"section2\">\n<div class=\"container no-grayscale\">\n<div class=\"row\">\n<div class=\"col-lg-13 offset-lg-2\">\n<h2 class=\"mb-40 text-left\">All important operations at your fingertips<\/h2>\n<div class=\"row\">\n<div class=\"col fw-100 fw-md-25 mb-40\">\n<div class=\"d-flex align-items-center\">\n              <img decoding=\"async\" class=\"lazyload mw-48px mh-48px w-48px h-48px w-md-56px h-md-56px mw-md-56px mh-md-56px mr-16\" data-src=\"https:\/\/satchel.eu\/pt\/wp-content\/themes\/satchel\/public\/img\/sleu-kit-icons-y-fast-speed.svg?v=2.5\" src=\"data:image\/gif;base64,R0lGODlhAQABAAAAACH5BAEKAAEALAAAAAABAAEAAAICTAEAOw==\" alt><\/p>\n<p class=\"p-md text-gray mb-0\">24\/7 access to your funds<\/p>\n<\/p><\/div>\n<\/p><\/div>\n<div class=\"col fw-100 fw-md-25 mb-40\">\n<div class=\"d-flex align-items-center\">\n              <img decoding=\"async\" class=\"lazyload mw-48px mh-48px w-48px h-48px w-md-56px h-md-56px mw-md-56px mh-md-56px mr-16\" data-src=\"https:\/\/satchel.eu\/pt\/wp-content\/themes\/satchel\/public\/img\/sleu-kit-icons-y-card-payroll.svg?v=2.5\" src=\"data:image\/gif;base64,R0lGODlhAQABAAAAACH5BAEKAAEALAAAAAABAAEAAAICTAEAOw==\" alt><\/p>\n<p class=\"p-md text-gray mb-0\">A wide range of transactions<\/p>\n<\/p><\/div>\n<\/p><\/div>\n<div class=\"col fw-100 fw-md-25 mb-40\">\n<div class=\"d-flex align-items-center\">\n              <img decoding=\"async\" class=\"lazyload mw-48px mh-48px w-48px h-48px w-md-56px h-md-56px mw-md-56px mh-md-56px mr-16\" data-src=\"https:\/\/satchel.eu\/pt\/wp-content\/themes\/satchel\/public\/img\/sleu-kit-icons-y-whitelabel.svg?v=2.5\" src=\"data:image\/gif;base64,R0lGODlhAQABAAAAACH5BAEKAAEALAAAAAABAAEAAAICTAEAOw==\" alt><\/p>\n<p class=\"p-md text-gray mb-0\">In-app card control<\/p>\n<\/p><\/div>\n<\/p><\/div>\n<div class=\"col fw-100 fw-md-25 mb-40\">\n<div class=\"d-flex align-items-center\">\n              <img decoding=\"async\" class=\"lazyload mw-48px mh-48px w-48px h-48px w-md-56px h-md-56px mw-md-56px mh-md-56px mr-16\" data-src=\"https:\/\/satchel.eu\/pt\/wp-content\/themes\/satchel\/public\/img\/sleu-kit-icons-y-salary-fund-a-card.svg?v=2.5\" src=\"data:image\/gif;base64,R0lGODlhAQABAAAAACH5BAEKAAEALAAAAAABAAEAAAICTAEAOw==\" alt><\/p>\n<p class=\"p-md text-gray mb-0\">Card top-up opportunities<\/p>\n<\/p><\/div>\n<\/p><\/div>\n<div class=\"col fw-100 fw-md-25 mb-md-0 mb-40\">\n<div class=\"d-flex align-items-center\">\n              <img decoding=\"async\" class=\"lazyload mw-48px mh-48px w-48px h-48px w-md-56px h-md-56px mw-md-56px mh-md-56px mr-16\" data-src=\"https:\/\/satchel.eu\/pt\/wp-content\/themes\/satchel\/public\/img\/sleu-kit-icons-y-currency-exchange.svg?v=2.5\" src=\"data:image\/gif;base64,R0lGODlhAQABAAAAACH5BAEKAAEALAAAAAABAAEAAAICTAEAOw==\" alt><\/p>\n<p class=\"p-md text-gray mb-0\">Currency exchange <\/p>\n<\/p><\/div>\n<\/p><\/div>\n<div class=\"col fw-100 fw-md-25 mb-md-0 mb-40\">\n<div class=\"d-flex align-items-center\">\n              <img decoding=\"async\" class=\"lazyload mw-48px mh-48px w-48px h-48px w-md-56px h-md-56px mw-md-56px mh-md-56px mr-16\" data-src=\"https:\/\/satchel.eu\/pt\/wp-content\/themes\/satchel\/public\/img\/sleu-kit-icons-y-manage-money.svg?v=2.5\" src=\"data:image\/gif;base64,R0lGODlhAQABAAAAACH5BAEKAAEALAAAAAABAAEAAAICTAEAOw==\" alt><\/p>\n<p class=\"p-md text-gray mb-0\">Transaction history overview <\/p>\n<\/p><\/div>\n<\/p><\/div>\n<div class=\"col fw-100 fw-md-25 mb-md-0 mb-40\">\n<div class=\"d-flex align-items-center\">\n              <img decoding=\"async\" class=\"lazyload mw-48px mh-48px w-48px h-48px w-md-56px h-md-56px mw-md-56px mh-md-56px mr-16\" data-src=\"https:\/\/satchel.eu\/pt\/wp-content\/themes\/satchel\/public\/img\/sleu-kit-icons-y-support.svg?v=2.5\" src=\"data:image\/gif;base64,R0lGODlhAQABAAAAACH5BAEKAAEALAAAAAABAAEAAAICTAEAOw==\" alt><\/p>\n<p class=\"p-md text-gray mb-0\">Human customer support <\/p>\n<\/p><\/div>\n<\/p><\/div>\n<div class=\"col fw-100 fw-md-25\">\n<div class=\"d-flex align-items-center\">\n              <img decoding=\"async\" class=\"lazyload mw-48px mh-48px w-48px h-48px w-md-56px h-md-56px mw-md-56px mh-md-56px mr-16\" data-src=\"https:\/\/satchel.eu\/pt\/wp-content\/themes\/satchel\/public\/img\/sleu-kit-icons-y-shield.svg?v=2.5\" src=\"data:image\/gif;base64,R0lGODlhAQABAAAAACH5BAEKAAEALAAAAAABAAEAAAICTAEAOw==\" alt><\/p>\n<p class=\"p-md text-gray mb-0\">Secure and simple sign in process <\/p>\n<\/p><\/div>\n<\/p><\/div>\n<\/p><\/div>\n<\/p><\/div>\n<\/p><\/div>\n<\/p><\/div>\n<\/section>\n<section class=\"section\">\n<div class=\"container\">\n<h2 class=\"text-center mb-30\">Smart security features<\/h2>\n<div class=\"row\">\n<div class=\"col-lg-14 mx-auto\">\n<div class=\"solutions\">\n<div class=\"row justify-content-center\">\n<div class=\"solutions__item col-sm-8 col-md-4\">\n<div class=\"solution d-flex flex-column h-md-100 solution--transparent\">\n<div class=\"solution__img mb-40\"><img decoding=\"async\" class=\"lazyload\" data-src=\"https:\/\/satchel.eu\/pt\/wp-content\/themes\/satchel\/public\/img\/sleu-kit-icons-y-password.svg?v=2.5\" src=\"data:image\/gif;base64,R0lGODlhAQABAAAAACH5BAEKAAEALAAAAAABAAEAAAICTAEAOw==\" alt><\/div>\n<p class=\"p-md text-gray font-weight-bold text-center solution__title mb-10\">2FA<\/p>\n<p class=\"p-sm text-center solution__text js-equal-heights mt-auto mb-0\">Two-factor authentication to prevent unauthorised access to your account.<\/p>\n<\/p><\/div>\n<\/p><\/div>\n<div class=\"solutions__item col-sm-8 col-md-4\">\n<div class=\"solution d-flex flex-column h-md-100 solution--transparent\">\n<div class=\"solution__img mb-40\"><img decoding=\"async\" class=\"lazyload\" data-src=\"https:\/\/satchel.eu\/pt\/wp-content\/themes\/satchel\/public\/img\/sleu-kit-icons-y-shield.svg?v=2.5\" src=\"data:image\/gif;base64,R0lGODlhAQABAAAAACH5BAEKAAEALAAAAAABAAEAAAICTAEAOw==\" alt><\/div>\n<p class=\"p-md text-gray font-weight-bold text-center solution__title mb-10\">3D Secure<\/p>\n<p class=\"p-sm text-center solution__text js-equal-heights mt-auto mb-0\">An extra layer of protection for your online payments and purchases.<\/p>\n<\/p><\/div>\n<\/p><\/div>\n<div class=\"solutions__item col-sm-8 col-md-4\">\n<div class=\"solution d-flex flex-column h-md-100 solution--transparent\">\n<div class=\"solution__img mb-40\"><img decoding=\"async\" class=\"lazyload\" data-src=\"https:\/\/satchel.eu\/pt\/wp-content\/themes\/satchel\/public\/img\/sleu-kit-icons-y-manage-money.svg?v=2.5\" src=\"data:image\/gif;base64,R0lGODlhAQABAAAAACH5BAEKAAEALAAAAAABAAEAAAICTAEAOw==\" alt><\/div>\n<p class=\"p-md text-gray font-weight-bold text-center solution__title mb-10\">Segregated accounts<\/p>\n<p class=\"p-sm text-center solution__text js-equal-heights mt-auto mb-0\">Your money is stored in a separate account with the National Bank of Lithuania.<\/p>\n<\/p><\/div>\n<\/p><\/div>\n<\/p><\/div>\n<\/p><\/div>\n<\/p><\/div>\n<\/p><\/div>\n<p>    <!--\n\n<div class=\"d-flex align-items-center justify-content-center flex-wrap\">\n      \n\n<p class=\"p-md2 mb-20 mb-sm-0 mr-sm-25 w-sm-auto w-100 text-sm-left text-center\">Download on<\/p>\n\n<a class=\"btn btn-primary btn-primary--appstore mr-25\" href=\"https:\/\/apps.apple.com\/us\/app\/satchelpay\/id1385513368\" target=\"_blank\" rel=\"noopener\">AppStore<\/a><a class=\"btn btn-primary btn-primary--playmarket\" href=\"https:\/\/play.google.com\/store\/apps\/details?id=com.thefintechlab.whitelabelandroid\" target=\"_blank\" rel=\"noopener\">Play Market<\/a>\n    <\/div>\n\n--><\/p>\n<div class=\"text-center mt-40\"><a class=\"btn btn-primary\" href=\"https:\/\/satchel.eu\/pt\/security\/\">More about security<\/a><\/div>\n<\/p><\/div>\n<\/section>\n","protected":false},"excerpt":{"rendered":"<p>Manage your account on-the-go Intuitive digital tool for transactions, card top-up, currency exchange and more. Download on AppStore Play Market All important operations at your fingertips 24\/7 access to your funds A wide range of transactions In-app card control Card top-up opportunities Currency exchange Transaction history overview Human customer support Secure and simple sign in&#8230;<\/p>\n","protected":false},"author":5,"featured_media":0,"parent":0,"menu_order":0,"comment_status":"closed","ping_status":"closed","template":"templates\/satchel-app.php","meta":{"_acf_changed":false,"footnotes":""},"class_list":["post-96","page","type-page","status-publish","hentry"],"acf":[],"yoast_head":"<!-- This site is optimized with the Yoast SEO plugin v22.0 - https:\/\/yoast.com\/wordpress\/plugins\/seo\/ -->\n<title>App Movel Satchel<\/title>\n<meta name=\"description\" content=\"Descubra uma ferramenta digital intuitiva para transa\u00e7\u00f5es, recarga de cart\u00e3o, c\u00e2mbio e muito mais.\" \/>\n<meta name=\"robots\" content=\"index, follow, max-snippet:-1, max-image-preview:large, max-video-preview:-1\" \/>\n<link rel=\"canonical\" href=\"https:\/\/satchel.eu\/pt\/aplicacao-satchel\/\" \/>\n<meta property=\"og:locale\" content=\"pt_PT\" \/>\n<meta property=\"og:type\" content=\"article\" \/>\n<meta property=\"og:title\" content=\"App Movel Satchel\" \/>\n<meta property=\"og:description\" content=\"Descubra uma ferramenta digital intuitiva para transa\u00e7\u00f5es, recarga de cart\u00e3o, c\u00e2mbio e muito mais.\" \/>\n<meta property=\"og:url\" content=\"https:\/\/satchel.eu\/pt\/aplicacao-satchel\/\" \/>\n<meta property=\"og:site_name\" content=\"Satchel\" \/>\n<meta property=\"article:modified_time\" content=\"2025-12-08T12:37:55+00:00\" \/>\n<meta name=\"twitter:card\" content=\"summary_large_image\" \/>\n<meta name=\"twitter:label1\" content=\"Est. reading time\" \/>\n\t<meta name=\"twitter:data1\" content=\"4 minutos\" \/>\n<script type=\"application\/ld+json\" class=\"yoast-schema-graph\">{\"@context\":\"https:\/\/schema.org\",\"@graph\":[{\"@type\":\"WebPage\",\"@id\":\"https:\/\/satchel.eu\/pt\/aplicacao-satchel\/\",\"url\":\"https:\/\/satchel.eu\/pt\/aplicacao-satchel\/\",\"name\":\"App Movel Satchel\",\"isPartOf\":{\"@id\":\"https:\/\/satchel.eu\/pt\/#website\"},\"datePublished\":\"2021-03-02T17:55:13+00:00\",\"dateModified\":\"2025-12-08T12:37:55+00:00\",\"description\":\"Descubra uma ferramenta digital intuitiva para transa\u00e7\u00f5es, recarga de cart\u00e3o, c\u00e2mbio e muito mais.\",\"breadcrumb\":{\"@id\":\"https:\/\/satchel.eu\/pt\/aplicacao-satchel\/#breadcrumb\"},\"inLanguage\":\"pt-PT\",\"potentialAction\":[{\"@type\":\"ReadAction\",\"target\":[\"https:\/\/satchel.eu\/pt\/aplicacao-satchel\/\"]}]},{\"@type\":\"BreadcrumbList\",\"@id\":\"https:\/\/satchel.eu\/pt\/aplicacao-satchel\/#breadcrumb\",\"itemListElement\":[{\"@type\":\"ListItem\",\"position\":1,\"name\":\"Satchel\",\"item\":\"https:\/\/satchel.eu\/pt\/\"},{\"@type\":\"ListItem\",\"position\":2,\"name\":\"Aplica\u00e7\u00e3o Satchel\"}]},{\"@type\":\"WebSite\",\"@id\":\"https:\/\/satchel.eu\/pt\/#website\",\"url\":\"https:\/\/satchel.eu\/pt\/\",\"name\":\"Satchel\",\"description\":\"Your money management solution\",\"publisher\":{\"@id\":\"https:\/\/satchel.eu\/pt\/#organization\"},\"potentialAction\":[{\"@type\":\"SearchAction\",\"target\":{\"@type\":\"EntryPoint\",\"urlTemplate\":\"https:\/\/satchel.eu\/pt\/?s={search_term_string}\"},\"query-input\":\"required name=search_term_string\"}],\"inLanguage\":\"pt-PT\"},{\"@type\":\"Organization\",\"@id\":\"https:\/\/satchel.eu\/pt\/#organization\",\"name\":\"Satchel\",\"url\":\"https:\/\/satchel.eu\/pt\/\",\"logo\":{\"@type\":\"ImageObject\",\"inLanguage\":\"pt-PT\",\"@id\":\"https:\/\/satchel.eu\/pt\/#\/schema\/logo\/image\/\",\"url\":\"https:\/\/satchel.eu\/pt\/wp-content\/uploads\/sites\/9\/2021\/05\/logo-black.jpg\",\"contentUrl\":\"https:\/\/satchel.eu\/pt\/wp-content\/uploads\/sites\/9\/2021\/05\/logo-black.jpg\",\"width\":135,\"height\":32,\"caption\":\"Satchel\"},\"image\":{\"@id\":\"https:\/\/satchel.eu\/pt\/#\/schema\/logo\/image\/\"}}]}<\/script>\n<!-- \/ Yoast SEO plugin. -->","yoast_head_json":{"title":"App Movel Satchel","description":"Descubra uma ferramenta digital intuitiva para transa\u00e7\u00f5es, recarga de cart\u00e3o, c\u00e2mbio e muito mais.","robots":{"index":"index","follow":"follow","max-snippet":"max-snippet:-1","max-image-preview":"max-image-preview:large","max-video-preview":"max-video-preview:-1"},"canonical":"https:\/\/satchel.eu\/pt\/aplicacao-satchel\/","og_locale":"pt_PT","og_type":"article","og_title":"App Movel Satchel","og_description":"Descubra uma ferramenta digital intuitiva para transa\u00e7\u00f5es, recarga de cart\u00e3o, c\u00e2mbio e muito mais.","og_url":"https:\/\/satchel.eu\/pt\/aplicacao-satchel\/","og_site_name":"Satchel","article_modified_time":"2025-12-08T12:37:55+00:00","twitter_card":"summary_large_image","twitter_misc":{"Est. reading time":"4 minutos"},"schema":{"@context":"https:\/\/schema.org","@graph":[{"@type":"WebPage","@id":"https:\/\/satchel.eu\/pt\/aplicacao-satchel\/","url":"https:\/\/satchel.eu\/pt\/aplicacao-satchel\/","name":"App Movel Satchel","isPartOf":{"@id":"https:\/\/satchel.eu\/pt\/#website"},"datePublished":"2021-03-02T17:55:13+00:00","dateModified":"2025-12-08T12:37:55+00:00","description":"Descubra uma ferramenta digital intuitiva para transa\u00e7\u00f5es, recarga de cart\u00e3o, c\u00e2mbio e muito mais.","breadcrumb":{"@id":"https:\/\/satchel.eu\/pt\/aplicacao-satchel\/#breadcrumb"},"inLanguage":"pt-PT","potentialAction":[{"@type":"ReadAction","target":["https:\/\/satchel.eu\/pt\/aplicacao-satchel\/"]}]},{"@type":"BreadcrumbList","@id":"https:\/\/satchel.eu\/pt\/aplicacao-satchel\/#breadcrumb","itemListElement":[{"@type":"ListItem","position":1,"name":"Satchel","item":"https:\/\/satchel.eu\/pt\/"},{"@type":"ListItem","position":2,"name":"Aplica\u00e7\u00e3o Satchel"}]},{"@type":"WebSite","@id":"https:\/\/satchel.eu\/pt\/#website","url":"https:\/\/satchel.eu\/pt\/","name":"Satchel","description":"Your money management solution","publisher":{"@id":"https:\/\/satchel.eu\/pt\/#organization"},"potentialAction":[{"@type":"SearchAction","target":{"@type":"EntryPoint","urlTemplate":"https:\/\/satchel.eu\/pt\/?s={search_term_string}"},"query-input":"required name=search_term_string"}],"inLanguage":"pt-PT"},{"@type":"Organization","@id":"https:\/\/satchel.eu\/pt\/#organization","name":"Satchel","url":"https:\/\/satchel.eu\/pt\/","logo":{"@type":"ImageObject","inLanguage":"pt-PT","@id":"https:\/\/satchel.eu\/pt\/#\/schema\/logo\/image\/","url":"https:\/\/satchel.eu\/pt\/wp-content\/uploads\/sites\/9\/2021\/05\/logo-black.jpg","contentUrl":"https:\/\/satchel.eu\/pt\/wp-content\/uploads\/sites\/9\/2021\/05\/logo-black.jpg","width":135,"height":32,"caption":"Satchel"},"image":{"@id":"https:\/\/satchel.eu\/pt\/#\/schema\/logo\/image\/"}}]}},"_links":{"self":[{"href":"https:\/\/satchel.eu\/pt\/wp-json\/wp\/v2\/pages\/96","targetHints":{"allow":["GET"]}}],"collection":[{"href":"https:\/\/satchel.eu\/pt\/wp-json\/wp\/v2\/pages"}],"about":[{"href":"https:\/\/satchel.eu\/pt\/wp-json\/wp\/v2\/types\/page"}],"author":[{"embeddable":true,"href":"https:\/\/satchel.eu\/pt\/wp-json\/wp\/v2\/users\/5"}],"replies":[{"embeddable":true,"href":"https:\/\/satchel.eu\/pt\/wp-json\/wp\/v2\/comments?post=96"}],"version-history":[{"count":13,"href":"https:\/\/satchel.eu\/pt\/wp-json\/wp\/v2\/pages\/96\/revisions"}],"predecessor-version":[{"id":7005,"href":"https:\/\/satchel.eu\/pt\/wp-json\/wp\/v2\/pages\/96\/revisions\/7005"}],"wp:attachment":[{"href":"https:\/\/satchel.eu\/pt\/wp-json\/wp\/v2\/media?parent=96"}],"curies":[{"name":"wp","href":"https:\/\/api.w.org\/{rel}","templated":true}]}}